{"id":402,"date":"2026-04-07T09:08:47","date_gmt":"2026-04-07T09:08:47","guid":{"rendered":"https:\/\/host10538.iqhs.pl\/?page_id=402"},"modified":"2026-04-16T09:54:43","modified_gmt":"2026-04-16T08:54:43","slug":"kuchnie","status":"publish","type":"page","link":"https:\/\/www.morev.pl\/?page_id=402","title":{"rendered":"Kuchnie"},"content":{"rendered":"\n<h2>Kuchnie<\/h2>\n\n\n\n<div class=\"wp-block-group is-vertical is-content-justification-center is-layout-flex wp-container-core-group-is-layout-ce155fab wp-block-group-is-layout-flex\">\n<div class=\"wp-block-columns has-border-color is-layout-flex wp-container-core-columns-is-layout-44468703 wp-block-columns-is-layout-flex\" style=\"border-color:#ff9900;border-width:2px;border-top-left-radius:10px;border-top-right-radius:10px;border-bottom-left-radius:10px;border-bottom-right-radius:10px;padding-top:var(--wp--preset--spacing--10);padding-right:var(--wp--preset--spacing--10);padding-bottom:var(--wp--preset--spacing--10);padding-left:var(--wp--preset--spacing--10)\">\n<div class=\"wp-block-column is-layout-flow wp-block-column-is-layout-flow\">\n<figure class=\"wp-block-image size-full\"><img loading=\"lazy\" decoding=\"async\" width=\"800\" height=\"400\" src=\"https:\/\/morev.pl\/wp-content\/uploads\/2026\/04\/banner01.jpg\" alt=\"\" class=\"wp-image-798\" srcset=\"https:\/\/www.morev.pl\/wp-content\/uploads\/2026\/04\/banner01.jpg 800w, https:\/\/www.morev.pl\/wp-content\/uploads\/2026\/04\/banner01-300x150.jpg 300w, https:\/\/www.morev.pl\/wp-content\/uploads\/2026\/04\/banner01-768x384.jpg 768w\" sizes=\"auto, (max-width: 800px) 100vw, 800px\" \/><\/figure>\n<\/div>\n\n\n\n<div class=\"wp-block-column is-layout-flow wp-block-column-is-layout-flow\">\n<p>Systemy, kt\u00f3re stosujemy w produkcji naszych kuchni, gwarantuj\u0105 maksymaln\u0105 wygod\u0119 i efektywne wykorzystanie przestrzeni. Wykorzystujemy zaawansowane rozwi\u0105zania, takie jak systemy szuflad Blum, funkcjonalne naro\u017cniki wysuwne, nowoczesne o\u015bwietlenie LED oraz praktyczne kosze cargo, kt\u00f3re u\u0142atwiaj\u0105 codzienne przechowywanie.<\/p>\n<\/div>\n<\/div>\n<\/div>\n\n\n\n<figure class=\"wp-block-gallery has-nested-images columns-2 wp-block-gallery-1 is-layout-flex wp-block-gallery-is-layout-flex\" style=\"border-top-left-radius:10px;border-top-right-radius:10px;border-bottom-left-radius:10px;border-bottom-right-radius:10px\">\n<figure class=\"wp-block-image size-large\"><a href=\"https:\/\/morev.pl\/wp-content\/uploads\/2026\/04\/01.jpg\"><img loading=\"lazy\" decoding=\"async\" width=\"1024\" height=\"1024\" data-id=\"573\" src=\"https:\/\/morev.pl\/wp-content\/uploads\/2026\/04\/01-1024x1024.jpg\" alt=\"\" class=\"wp-image-573\" srcset=\"https:\/\/www.morev.pl\/wp-content\/uploads\/2026\/04\/01-1024x1024.jpg 1024w, https:\/\/www.morev.pl\/wp-content\/uploads\/2026\/04\/01-300x300.jpg 300w, https:\/\/www.morev.pl\/wp-content\/uploads\/2026\/04\/01-150x150.jpg 150w, https:\/\/www.morev.pl\/wp-content\/uploads\/2026\/04\/01-768x768.jpg 768w, https:\/\/www.morev.pl\/wp-content\/uploads\/2026\/04\/01.jpg 1080w\" sizes=\"auto, (max-width: 1024px) 100vw, 1024px\" \/><\/a><\/figure>\n\n\n\n<figure class=\"wp-block-image size-large\"><a href=\"https:\/\/morev.pl\/wp-content\/uploads\/2026\/04\/k001.jpg\"><img loading=\"lazy\" decoding=\"async\" width=\"1024\" height=\"760\" data-id=\"602\" src=\"https:\/\/morev.pl\/wp-content\/uploads\/2026\/04\/k001-1024x760.jpg\" alt=\"\" class=\"wp-image-602\" srcset=\"https:\/\/www.morev.pl\/wp-content\/uploads\/2026\/04\/k001-1024x760.jpg 1024w, https:\/\/www.morev.pl\/wp-content\/uploads\/2026\/04\/k001-300x223.jpg 300w, https:\/\/www.morev.pl\/wp-content\/uploads\/2026\/04\/k001-768x570.jpg 768w, https:\/\/www.morev.pl\/wp-content\/uploads\/2026\/04\/k001-1536x1140.jpg 1536w, https:\/\/www.morev.pl\/wp-content\/uploads\/2026\/04\/k001.jpg 1600w\" sizes=\"auto, (max-width: 1024px) 100vw, 1024px\" \/><\/a><\/figure>\n\n\n\n<figure class=\"wp-block-image size-large\"><a href=\"https:\/\/morev.pl\/wp-content\/uploads\/2026\/04\/k004.jpg\"><img loading=\"lazy\" decoding=\"async\" width=\"1024\" height=\"768\" data-id=\"604\" src=\"https:\/\/morev.pl\/wp-content\/uploads\/2026\/04\/k004-1024x768.jpg\" alt=\"\" class=\"wp-image-604\" srcset=\"https:\/\/www.morev.pl\/wp-content\/uploads\/2026\/04\/k004-1024x768.jpg 1024w, https:\/\/www.morev.pl\/wp-content\/uploads\/2026\/04\/k004-300x225.jpg 300w, https:\/\/www.morev.pl\/wp-content\/uploads\/2026\/04\/k004-768x576.jpg 768w, https:\/\/www.morev.pl\/wp-content\/uploads\/2026\/04\/k004-1536x1152.jpg 1536w, https:\/\/www.morev.pl\/wp-content\/uploads\/2026\/04\/k004.jpg 1600w\" sizes=\"auto, (max-width: 1024px) 100vw, 1024px\" \/><\/a><\/figure>\n\n\n\n<figure class=\"wp-block-image size-large\"><a href=\"https:\/\/morev.pl\/wp-content\/uploads\/2026\/04\/k006.jpg\"><img loading=\"lazy\" decoding=\"async\" width=\"1024\" height=\"768\" data-id=\"606\" src=\"https:\/\/morev.pl\/wp-content\/uploads\/2026\/04\/k006-1024x768.jpg\" alt=\"\" class=\"wp-image-606\" srcset=\"https:\/\/www.morev.pl\/wp-content\/uploads\/2026\/04\/k006-1024x768.jpg 1024w, https:\/\/www.morev.pl\/wp-content\/uploads\/2026\/04\/k006-300x225.jpg 300w, https:\/\/www.morev.pl\/wp-content\/uploads\/2026\/04\/k006-768x576.jpg 768w, https:\/\/www.morev.pl\/wp-content\/uploads\/2026\/04\/k006-1536x1152.jpg 1536w, https:\/\/www.morev.pl\/wp-content\/uploads\/2026\/04\/k006.jpg 1600w\" sizes=\"auto, (max-width: 1024px) 100vw, 1024px\" \/><\/a><\/figure>\n\n\n\n<figure class=\"wp-block-image size-large\"><a href=\"https:\/\/morev.pl\/wp-content\/uploads\/2026\/04\/k007.jpg\"><img loading=\"lazy\" decoding=\"async\" width=\"1024\" height=\"768\" data-id=\"609\" src=\"https:\/\/morev.pl\/wp-content\/uploads\/2026\/04\/k007-1024x768.jpg\" alt=\"\" class=\"wp-image-609\" srcset=\"https:\/\/www.morev.pl\/wp-content\/uploads\/2026\/04\/k007-1024x768.jpg 1024w, https:\/\/www.morev.pl\/wp-content\/uploads\/2026\/04\/k007-300x225.jpg 300w, https:\/\/www.morev.pl\/wp-content\/uploads\/2026\/04\/k007-768x576.jpg 768w, https:\/\/www.morev.pl\/wp-content\/uploads\/2026\/04\/k007-1536x1152.jpg 1536w, https:\/\/www.morev.pl\/wp-content\/uploads\/2026\/04\/k007.jpg 1600w\" sizes=\"auto, (max-width: 1024px) 100vw, 1024px\" \/><\/a><\/figure>\n\n\n\n<figure class=\"wp-block-image size-large\"><a href=\"https:\/\/morev.pl\/wp-content\/uploads\/2026\/04\/k008.jpg\"><img loading=\"lazy\" decoding=\"async\" width=\"1024\" height=\"768\" data-id=\"610\" src=\"https:\/\/morev.pl\/wp-content\/uploads\/2026\/04\/k008-1024x768.jpg\" alt=\"\" class=\"wp-image-610\" srcset=\"https:\/\/www.morev.pl\/wp-content\/uploads\/2026\/04\/k008-1024x768.jpg 1024w, https:\/\/www.morev.pl\/wp-content\/uploads\/2026\/04\/k008-300x225.jpg 300w, https:\/\/www.morev.pl\/wp-content\/uploads\/2026\/04\/k008-768x576.jpg 768w, https:\/\/www.morev.pl\/wp-content\/uploads\/2026\/04\/k008-1536x1152.jpg 1536w, https:\/\/www.morev.pl\/wp-content\/uploads\/2026\/04\/k008.jpg 1600w\" sizes=\"auto, (max-width: 1024px) 100vw, 1024px\" \/><\/a><\/figure>\n\n\n\n<figure class=\"wp-block-image size-large\"><a href=\"https:\/\/morev.pl\/wp-content\/uploads\/2026\/04\/k000.jpg\"><img loading=\"lazy\" decoding=\"async\" width=\"1024\" height=\"1024\" data-id=\"624\" src=\"https:\/\/morev.pl\/wp-content\/uploads\/2026\/04\/k000-1024x1024.jpg\" alt=\"\" class=\"wp-image-624\" srcset=\"https:\/\/www.morev.pl\/wp-content\/uploads\/2026\/04\/k000-1024x1024.jpg 1024w, https:\/\/www.morev.pl\/wp-content\/uploads\/2026\/04\/k000-300x300.jpg 300w, https:\/\/www.morev.pl\/wp-content\/uploads\/2026\/04\/k000-150x150.jpg 150w, https:\/\/www.morev.pl\/wp-content\/uploads\/2026\/04\/k000-768x768.jpg 768w, https:\/\/www.morev.pl\/wp-content\/uploads\/2026\/04\/k000.jpg 1080w\" sizes=\"auto, (max-width: 1024px) 100vw, 1024px\" \/><\/a><\/figure>\n\n\n\n<figure class=\"wp-block-image size-large\"><a href=\"https:\/\/morev.pl\/wp-content\/uploads\/2026\/04\/k000a.jpg\"><img loading=\"lazy\" decoding=\"async\" width=\"1024\" height=\"1024\" data-id=\"623\" src=\"https:\/\/morev.pl\/wp-content\/uploads\/2026\/04\/k000a-1024x1024.jpg\" alt=\"\" class=\"wp-image-623\" srcset=\"https:\/\/www.morev.pl\/wp-content\/uploads\/2026\/04\/k000a-1024x1024.jpg 1024w, https:\/\/www.morev.pl\/wp-content\/uploads\/2026\/04\/k000a-300x300.jpg 300w, https:\/\/www.morev.pl\/wp-content\/uploads\/2026\/04\/k000a-150x150.jpg 150w, https:\/\/www.morev.pl\/wp-content\/uploads\/2026\/04\/k000a-768x768.jpg 768w, https:\/\/www.morev.pl\/wp-content\/uploads\/2026\/04\/k000a.jpg 1080w\" sizes=\"auto, (max-width: 1024px) 100vw, 1024px\" \/><\/a><\/figure>\n\n\n\n<figure class=\"wp-block-image size-large\"><a href=\"https:\/\/morev.pl\/wp-content\/uploads\/2026\/04\/k010.jpg\"><img loading=\"lazy\" decoding=\"async\" width=\"1024\" height=\"820\" data-id=\"614\" src=\"https:\/\/morev.pl\/wp-content\/uploads\/2026\/04\/k010-1024x820.jpg\" alt=\"\" class=\"wp-image-614\" srcset=\"https:\/\/www.morev.pl\/wp-content\/uploads\/2026\/04\/k010-1024x820.jpg 1024w, https:\/\/www.morev.pl\/wp-content\/uploads\/2026\/04\/k010-300x240.jpg 300w, https:\/\/www.morev.pl\/wp-content\/uploads\/2026\/04\/k010-768x615.jpg 768w, https:\/\/www.morev.pl\/wp-content\/uploads\/2026\/04\/k010-1536x1231.jpg 1536w, https:\/\/www.morev.pl\/wp-content\/uploads\/2026\/04\/k010.jpg 1600w\" sizes=\"auto, (max-width: 1024px) 100vw, 1024px\" \/><\/a><\/figure>\n\n\n\n<figure class=\"wp-block-image size-large\"><a href=\"https:\/\/morev.pl\/wp-content\/uploads\/2026\/04\/k009.jpg\"><img loading=\"lazy\" decoding=\"async\" width=\"1024\" height=\"768\" data-id=\"612\" src=\"https:\/\/morev.pl\/wp-content\/uploads\/2026\/04\/k009-1024x768.jpg\" alt=\"\" class=\"wp-image-612\" srcset=\"https:\/\/www.morev.pl\/wp-content\/uploads\/2026\/04\/k009-1024x768.jpg 1024w, https:\/\/www.morev.pl\/wp-content\/uploads\/2026\/04\/k009-300x225.jpg 300w, https:\/\/www.morev.pl\/wp-content\/uploads\/2026\/04\/k009-768x576.jpg 768w, https:\/\/www.morev.pl\/wp-content\/uploads\/2026\/04\/k009-1536x1152.jpg 1536w, https:\/\/www.morev.pl\/wp-content\/uploads\/2026\/04\/k009.jpg 1600w\" sizes=\"auto, (max-width: 1024px) 100vw, 1024px\" \/><\/a><\/figure>\n\n\n\n<figure class=\"wp-block-image size-large\"><a href=\"https:\/\/morev.pl\/wp-content\/uploads\/2026\/04\/k011.jpg\"><img loading=\"lazy\" decoding=\"async\" width=\"860\" height=\"1024\" data-id=\"616\" src=\"https:\/\/morev.pl\/wp-content\/uploads\/2026\/04\/k011-860x1024.jpg\" alt=\"\" class=\"wp-image-616\" srcset=\"https:\/\/www.morev.pl\/wp-content\/uploads\/2026\/04\/k011-860x1024.jpg 860w, https:\/\/www.morev.pl\/wp-content\/uploads\/2026\/04\/k011-252x300.jpg 252w, https:\/\/www.morev.pl\/wp-content\/uploads\/2026\/04\/k011-768x914.jpg 768w, https:\/\/www.morev.pl\/wp-content\/uploads\/2026\/04\/k011-1290x1536.jpg 1290w, https:\/\/www.morev.pl\/wp-content\/uploads\/2026\/04\/k011.jpg 1344w\" sizes=\"auto, (max-width: 860px) 100vw, 860px\" \/><\/a><\/figure>\n\n\n\n<figure class=\"wp-block-image size-large\"><a href=\"https:\/\/morev.pl\/wp-content\/uploads\/2026\/04\/k012.jpg\"><img loading=\"lazy\" decoding=\"async\" width=\"1024\" height=\"754\" data-id=\"617\" src=\"https:\/\/morev.pl\/wp-content\/uploads\/2026\/04\/k012-1024x754.jpg\" alt=\"\" class=\"wp-image-617\" srcset=\"https:\/\/www.morev.pl\/wp-content\/uploads\/2026\/04\/k012-1024x754.jpg 1024w, https:\/\/www.morev.pl\/wp-content\/uploads\/2026\/04\/k012-300x221.jpg 300w, https:\/\/www.morev.pl\/wp-content\/uploads\/2026\/04\/k012-768x565.jpg 768w, https:\/\/www.morev.pl\/wp-content\/uploads\/2026\/04\/k012-1536x1131.jpg 1536w, https:\/\/www.morev.pl\/wp-content\/uploads\/2026\/04\/k012.jpg 1600w\" sizes=\"auto, (max-width: 1024px) 100vw, 1024px\" \/><\/a><\/figure>\n\n\n\n<figure class=\"wp-block-image size-large\"><a href=\"https:\/\/morev.pl\/wp-content\/uploads\/2026\/04\/k013.jpg\"><img loading=\"lazy\" decoding=\"async\" width=\"1024\" height=\"1024\" data-id=\"621\" src=\"https:\/\/morev.pl\/wp-content\/uploads\/2026\/04\/k013-1024x1024.jpg\" alt=\"\" class=\"wp-image-621\" srcset=\"https:\/\/www.morev.pl\/wp-content\/uploads\/2026\/04\/k013-1024x1024.jpg 1024w, https:\/\/www.morev.pl\/wp-content\/uploads\/2026\/04\/k013-300x300.jpg 300w, https:\/\/www.morev.pl\/wp-content\/uploads\/2026\/04\/k013-150x150.jpg 150w, https:\/\/www.morev.pl\/wp-content\/uploads\/2026\/04\/k013-768x768.jpg 768w, https:\/\/www.morev.pl\/wp-content\/uploads\/2026\/04\/k013-1536x1536.jpg 1536w, https:\/\/www.morev.pl\/wp-content\/uploads\/2026\/04\/k013.jpg 1600w\" sizes=\"auto, (max-width: 1024px) 100vw, 1024px\" \/><\/a><\/figure>\n\n\n\n<figure class=\"wp-block-image size-large\"><a href=\"https:\/\/morev.pl\/wp-content\/uploads\/2026\/04\/k014.jpg\"><img loading=\"lazy\" decoding=\"async\" width=\"1024\" height=\"1024\" data-id=\"622\" src=\"https:\/\/morev.pl\/wp-content\/uploads\/2026\/04\/k014-1024x1024.jpg\" alt=\"\" class=\"wp-image-622\" srcset=\"https:\/\/www.morev.pl\/wp-content\/uploads\/2026\/04\/k014-1024x1024.jpg 1024w, https:\/\/www.morev.pl\/wp-content\/uploads\/2026\/04\/k014-300x300.jpg 300w, https:\/\/www.morev.pl\/wp-content\/uploads\/2026\/04\/k014-150x150.jpg 150w, https:\/\/www.morev.pl\/wp-content\/uploads\/2026\/04\/k014-768x768.jpg 768w, https:\/\/www.morev.pl\/wp-content\/uploads\/2026\/04\/k014-1536x1536.jpg 1536w, https:\/\/www.morev.pl\/wp-content\/uploads\/2026\/04\/k014.jpg 1600w\" sizes=\"auto, (max-width: 1024px) 100vw, 1024px\" \/><\/a><\/figure>\n\n\n\n<figure class=\"wp-block-image size-large\"><a href=\"https:\/\/morev.pl\/wp-content\/uploads\/2026\/04\/Threads_006b.jpg\"><img loading=\"lazy\" decoding=\"async\" width=\"1024\" height=\"1024\" data-id=\"628\" src=\"https:\/\/morev.pl\/wp-content\/uploads\/2026\/04\/Threads_006b-1024x1024.jpg\" alt=\"\" class=\"wp-image-628\" srcset=\"https:\/\/www.morev.pl\/wp-content\/uploads\/2026\/04\/Threads_006b-1024x1024.jpg 1024w, https:\/\/www.morev.pl\/wp-content\/uploads\/2026\/04\/Threads_006b-300x300.jpg 300w, https:\/\/www.morev.pl\/wp-content\/uploads\/2026\/04\/Threads_006b-150x150.jpg 150w, https:\/\/www.morev.pl\/wp-content\/uploads\/2026\/04\/Threads_006b-768x768.jpg 768w, https:\/\/www.morev.pl\/wp-content\/uploads\/2026\/04\/Threads_006b.jpg 1080w\" sizes=\"auto, (max-width: 1024px) 100vw, 1024px\" \/><\/a><\/figure>\n\n\n\n<figure class=\"wp-block-image size-large\"><a href=\"https:\/\/morev.pl\/wp-content\/uploads\/2026\/04\/Threads_006a.jpg\"><img loading=\"lazy\" decoding=\"async\" width=\"1024\" height=\"1024\" data-id=\"629\" src=\"https:\/\/morev.pl\/wp-content\/uploads\/2026\/04\/Threads_006a-1024x1024.jpg\" alt=\"\" class=\"wp-image-629\" srcset=\"https:\/\/www.morev.pl\/wp-content\/uploads\/2026\/04\/Threads_006a-1024x1024.jpg 1024w, https:\/\/www.morev.pl\/wp-content\/uploads\/2026\/04\/Threads_006a-300x300.jpg 300w, https:\/\/www.morev.pl\/wp-content\/uploads\/2026\/04\/Threads_006a-150x150.jpg 150w, https:\/\/www.morev.pl\/wp-content\/uploads\/2026\/04\/Threads_006a-768x768.jpg 768w, https:\/\/www.morev.pl\/wp-content\/uploads\/2026\/04\/Threads_006a.jpg 1080w\" sizes=\"auto, (max-width: 1024px) 100vw, 1024px\" \/><\/a><\/figure>\n\n\n\n<figure class=\"wp-block-image size-large\"><a href=\"https:\/\/morev.pl\/wp-content\/uploads\/2026\/04\/kit_07_01.jpg\"><img loading=\"lazy\" decoding=\"async\" width=\"1024\" height=\"1024\" data-id=\"631\" src=\"https:\/\/morev.pl\/wp-content\/uploads\/2026\/04\/kit_07_01-1024x1024.jpg\" alt=\"\" class=\"wp-image-631\" srcset=\"https:\/\/www.morev.pl\/wp-content\/uploads\/2026\/04\/kit_07_01-1024x1024.jpg 1024w, https:\/\/www.morev.pl\/wp-content\/uploads\/2026\/04\/kit_07_01-300x300.jpg 300w, https:\/\/www.morev.pl\/wp-content\/uploads\/2026\/04\/kit_07_01-150x150.jpg 150w, https:\/\/www.morev.pl\/wp-content\/uploads\/2026\/04\/kit_07_01-768x768.jpg 768w, https:\/\/www.morev.pl\/wp-content\/uploads\/2026\/04\/kit_07_01.jpg 1080w\" sizes=\"auto, (max-width: 1024px) 100vw, 1024px\" \/><\/a><\/figure>\n\n\n\n<figure class=\"wp-block-image size-large\"><a href=\"https:\/\/morev.pl\/wp-content\/uploads\/2026\/04\/kitchens2.jpg\"><img loading=\"lazy\" decoding=\"async\" width=\"1024\" height=\"1024\" data-id=\"632\" src=\"https:\/\/morev.pl\/wp-content\/uploads\/2026\/04\/kitchens2-1024x1024.jpg\" alt=\"\" class=\"wp-image-632\" srcset=\"https:\/\/www.morev.pl\/wp-content\/uploads\/2026\/04\/kitchens2-1024x1024.jpg 1024w, https:\/\/www.morev.pl\/wp-content\/uploads\/2026\/04\/kitchens2-300x300.jpg 300w, https:\/\/www.morev.pl\/wp-content\/uploads\/2026\/04\/kitchens2-150x150.jpg 150w, https:\/\/www.morev.pl\/wp-content\/uploads\/2026\/04\/kitchens2-768x768.jpg 768w, https:\/\/www.morev.pl\/wp-content\/uploads\/2026\/04\/kitchens2.jpg 1200w\" sizes=\"auto, (max-width: 1024px) 100vw, 1024px\" \/><\/a><\/figure>\n<\/figure>\n","protected":false},"excerpt":{"rendered":"<p>Systemy, kt\u00f3re stosujemy w produkcji naszych kuchni, gwarantuj\u0105 maksymaln\u0105 wygod\u0119 i efektywne wykorzystanie przestrzeni. Wykorzystujemy zaawansowane rozwi\u0105zania, takie jak systemy szuflad Blum, funkcjonalne naro\u017cniki wysuwne, nowoczesne o\u015bwietlenie LED oraz praktyczne kosze cargo, kt\u00f3re u\u0142atwiaj\u0105 codzienne przechowywanie.<\/p>\n","protected":false},"author":1,"featured_media":0,"parent":0,"menu_order":0,"comment_status":"closed","ping_status":"closed","template":"gallery","meta":{"pagelayer_contact_templates":[],"_pagelayer_content":"","footnotes":""},"class_list":["post-402","page","type-page","status-publish","hentry"],"_links":{"self":[{"href":"https:\/\/www.morev.pl\/index.php?rest_route=\/wp\/v2\/pages\/402","targetHints":{"allow":["GET"]}}],"collection":[{"href":"https:\/\/www.morev.pl\/index.php?rest_route=\/wp\/v2\/pages"}],"about":[{"href":"https:\/\/www.morev.pl\/index.php?rest_route=\/wp\/v2\/types\/page"}],"author":[{"embeddable":true,"href":"https:\/\/www.morev.pl\/index.php?rest_route=\/wp\/v2\/users\/1"}],"replies":[{"embeddable":true,"href":"https:\/\/www.morev.pl\/index.php?rest_route=%2Fwp%2Fv2%2Fcomments&post=402"}],"version-history":[{"count":0,"href":"https:\/\/www.morev.pl\/index.php?rest_route=\/wp\/v2\/pages\/402\/revisions"}],"wp:attachment":[{"href":"https:\/\/www.morev.pl\/index.php?rest_route=%2Fwp%2Fv2%2Fmedia&parent=402"}],"curies":[{"name":"wp","href":"https:\/\/api.w.org\/{rel}","templated":true}]}}