{"id":634,"date":"2026-04-15T16:34:17","date_gmt":"2026-04-15T16:34:17","guid":{"rendered":"https:\/\/host10538.iqhs.pl\/?page_id=634"},"modified":"2026-04-16T10:28:55","modified_gmt":"2026-04-16T09:28:55","slug":"schody","status":"publish","type":"page","link":"https:\/\/www.morev.pl\/?page_id=634","title":{"rendered":"Schody"},"content":{"rendered":"\n<h2>Schody, tarasy<\/h2>\n\n\n\n<div class=\"wp-block-columns has-border-color is-layout-flex wp-container-core-columns-is-layout-44468703 wp-block-columns-is-layout-flex\" style=\"border-color:#ff9900;border-width:2px;border-top-left-radius:10px;border-top-right-radius:10px;border-bottom-left-radius:10px;border-bottom-right-radius:10px;padding-top:var(--wp--preset--spacing--10);padding-right:var(--wp--preset--spacing--10);padding-bottom:var(--wp--preset--spacing--10);padding-left:var(--wp--preset--spacing--10)\">\n<div class=\"wp-block-column is-layout-flow wp-block-column-is-layout-flow\">\n<figure class=\"wp-block-image size-full\"><img loading=\"lazy\" decoding=\"async\" width=\"800\" height=\"400\" src=\"https:\/\/morev.pl\/wp-content\/uploads\/2026\/04\/banner04.jpg\" alt=\"\" class=\"wp-image-809\" srcset=\"https:\/\/www.morev.pl\/wp-content\/uploads\/2026\/04\/banner04.jpg 800w, https:\/\/www.morev.pl\/wp-content\/uploads\/2026\/04\/banner04-300x150.jpg 300w, https:\/\/www.morev.pl\/wp-content\/uploads\/2026\/04\/banner04-768x384.jpg 768w\" sizes=\"auto, (max-width: 800px) 100vw, 800px\" \/><\/figure>\n<\/div>\n\n\n\n<div class=\"wp-block-column is-layout-flow wp-block-column-is-layout-flow\">\n<p>Projektujemy i wykonujemy schody z litego drewna, kt\u00f3re staj\u0105 si\u0119 wizyt\u00f3wk\u0105 ka\u017cdego wn\u0119trza. Stosujemy gatunki o najwy\u017cszej twardo\u015bci, takie jak d\u0105b, jesion, co gwarantuje odporno\u015b\u0107 na lata u\u017cytkowania. Oferujemy nowoczesne konstrukcje na beton, \u0142\u0105cz\u0105c szlachetne drewno ze szk\u0142em lub metalem, aby uzyska\u0107 efekt lekko\u015bci i nowoczesnego designu.<\/p>\n<\/div>\n<\/div>\n\n\n\n<figure class=\"wp-block-gallery has-nested-images columns-2 wp-block-gallery-1 is-layout-flex wp-block-gallery-is-layout-flex\">\n<figure class=\"wp-block-image size-large\"><a href=\"https:\/\/morev.pl\/wp-content\/uploads\/2026\/04\/schody04_01.jpg\"><img loading=\"lazy\" decoding=\"async\" width=\"819\" height=\"1024\" data-id=\"635\" src=\"https:\/\/morev.pl\/wp-content\/uploads\/2026\/04\/schody04_01-819x1024.jpg\" alt=\"\" class=\"wp-image-635\" srcset=\"https:\/\/www.morev.pl\/wp-content\/uploads\/2026\/04\/schody04_01-819x1024.jpg 819w, https:\/\/www.morev.pl\/wp-content\/uploads\/2026\/04\/schody04_01-240x300.jpg 240w, https:\/\/www.morev.pl\/wp-content\/uploads\/2026\/04\/schody04_01-768x960.jpg 768w, https:\/\/www.morev.pl\/wp-content\/uploads\/2026\/04\/schody04_01.jpg 1080w\" sizes=\"auto, (max-width: 819px) 100vw, 819px\" \/><\/a><\/figure>\n\n\n\n<figure class=\"wp-block-image size-large\"><a href=\"https:\/\/morev.pl\/wp-content\/uploads\/2026\/04\/schody04_02.jpg\"><img loading=\"lazy\" decoding=\"async\" width=\"819\" height=\"1024\" data-id=\"636\" src=\"https:\/\/morev.pl\/wp-content\/uploads\/2026\/04\/schody04_02-819x1024.jpg\" alt=\"\" class=\"wp-image-636\" srcset=\"https:\/\/www.morev.pl\/wp-content\/uploads\/2026\/04\/schody04_02-819x1024.jpg 819w, https:\/\/www.morev.pl\/wp-content\/uploads\/2026\/04\/schody04_02-240x300.jpg 240w, https:\/\/www.morev.pl\/wp-content\/uploads\/2026\/04\/schody04_02-768x960.jpg 768w, https:\/\/www.morev.pl\/wp-content\/uploads\/2026\/04\/schody04_02.jpg 1080w\" sizes=\"auto, (max-width: 819px) 100vw, 819px\" \/><\/a><\/figure>\n\n\n\n<figure class=\"wp-block-image size-large\"><a href=\"https:\/\/morev.pl\/wp-content\/uploads\/2026\/04\/schody04_03.jpg\"><img loading=\"lazy\" decoding=\"async\" width=\"819\" height=\"1024\" data-id=\"637\" src=\"https:\/\/morev.pl\/wp-content\/uploads\/2026\/04\/schody04_03-819x1024.jpg\" alt=\"\" class=\"wp-image-637\" srcset=\"https:\/\/www.morev.pl\/wp-content\/uploads\/2026\/04\/schody04_03-819x1024.jpg 819w, https:\/\/www.morev.pl\/wp-content\/uploads\/2026\/04\/schody04_03-240x300.jpg 240w, https:\/\/www.morev.pl\/wp-content\/uploads\/2026\/04\/schody04_03-768x960.jpg 768w, https:\/\/www.morev.pl\/wp-content\/uploads\/2026\/04\/schody04_03.jpg 1080w\" sizes=\"auto, (max-width: 819px) 100vw, 819px\" \/><\/a><\/figure>\n\n\n\n<figure class=\"wp-block-image size-large\"><a href=\"https:\/\/morev.pl\/wp-content\/uploads\/2026\/04\/schody04_05.jpg\"><img loading=\"lazy\" decoding=\"async\" width=\"819\" height=\"1024\" data-id=\"638\" src=\"https:\/\/morev.pl\/wp-content\/uploads\/2026\/04\/schody04_05-819x1024.jpg\" alt=\"\" class=\"wp-image-638\" srcset=\"https:\/\/www.morev.pl\/wp-content\/uploads\/2026\/04\/schody04_05-819x1024.jpg 819w, https:\/\/www.morev.pl\/wp-content\/uploads\/2026\/04\/schody04_05-240x300.jpg 240w, https:\/\/www.morev.pl\/wp-content\/uploads\/2026\/04\/schody04_05-768x960.jpg 768w, https:\/\/www.morev.pl\/wp-content\/uploads\/2026\/04\/schody04_05.jpg 1080w\" sizes=\"auto, (max-width: 819px) 100vw, 819px\" \/><\/a><\/figure>\n\n\n\n<figure class=\"wp-block-image size-large\"><a href=\"https:\/\/morev.pl\/wp-content\/uploads\/2026\/04\/schody_02_inst_01.jpg\"><img loading=\"lazy\" decoding=\"async\" width=\"819\" height=\"1024\" data-id=\"641\" src=\"https:\/\/morev.pl\/wp-content\/uploads\/2026\/04\/schody_02_inst_01-819x1024.jpg\" alt=\"\" class=\"wp-image-641\" srcset=\"https:\/\/www.morev.pl\/wp-content\/uploads\/2026\/04\/schody_02_inst_01-819x1024.jpg 819w, https:\/\/www.morev.pl\/wp-content\/uploads\/2026\/04\/schody_02_inst_01-240x300.jpg 240w, https:\/\/www.morev.pl\/wp-content\/uploads\/2026\/04\/schody_02_inst_01-768x960.jpg 768w, https:\/\/www.morev.pl\/wp-content\/uploads\/2026\/04\/schody_02_inst_01.jpg 1080w\" sizes=\"auto, (max-width: 819px) 100vw, 819px\" \/><\/a><\/figure>\n\n\n\n<figure class=\"wp-block-image size-large\"><a href=\"https:\/\/morev.pl\/wp-content\/uploads\/2026\/04\/schody_02_inst_03.jpg\"><img loading=\"lazy\" decoding=\"async\" width=\"819\" height=\"1024\" data-id=\"642\" src=\"https:\/\/morev.pl\/wp-content\/uploads\/2026\/04\/schody_02_inst_03-819x1024.jpg\" alt=\"\" class=\"wp-image-642\" srcset=\"https:\/\/www.morev.pl\/wp-content\/uploads\/2026\/04\/schody_02_inst_03-819x1024.jpg 819w, https:\/\/www.morev.pl\/wp-content\/uploads\/2026\/04\/schody_02_inst_03-240x300.jpg 240w, https:\/\/www.morev.pl\/wp-content\/uploads\/2026\/04\/schody_02_inst_03-768x960.jpg 768w, https:\/\/www.morev.pl\/wp-content\/uploads\/2026\/04\/schody_02_inst_03.jpg 1080w\" sizes=\"auto, (max-width: 819px) 100vw, 819px\" \/><\/a><\/figure>\n\n\n\n<figure class=\"wp-block-image size-large\"><a href=\"https:\/\/morev.pl\/wp-content\/uploads\/2026\/04\/schody03.jpg\"><img loading=\"lazy\" decoding=\"async\" width=\"1024\" height=\"963\" data-id=\"645\" src=\"https:\/\/morev.pl\/wp-content\/uploads\/2026\/04\/schody03-1024x963.jpg\" alt=\"\" class=\"wp-image-645\" srcset=\"https:\/\/www.morev.pl\/wp-content\/uploads\/2026\/04\/schody03-1024x963.jpg 1024w, https:\/\/www.morev.pl\/wp-content\/uploads\/2026\/04\/schody03-300x282.jpg 300w, https:\/\/www.morev.pl\/wp-content\/uploads\/2026\/04\/schody03-768x722.jpg 768w, https:\/\/www.morev.pl\/wp-content\/uploads\/2026\/04\/schody03-1536x1444.jpg 1536w, https:\/\/www.morev.pl\/wp-content\/uploads\/2026\/04\/schody03.jpg 2000w\" sizes=\"auto, (max-width: 1024px) 100vw, 1024px\" \/><\/a><\/figure>\n\n\n\n<figure class=\"wp-block-image size-large\"><a href=\"https:\/\/morev.pl\/wp-content\/uploads\/2026\/04\/schody02_03-1-scaled.jpg\"><img loading=\"lazy\" decoding=\"async\" width=\"819\" height=\"1024\" data-id=\"646\" src=\"https:\/\/morev.pl\/wp-content\/uploads\/2026\/04\/schody02_03-1-819x1024.jpg\" alt=\"\" class=\"wp-image-646\" srcset=\"https:\/\/www.morev.pl\/wp-content\/uploads\/2026\/04\/schody02_03-1-819x1024.jpg 819w, https:\/\/www.morev.pl\/wp-content\/uploads\/2026\/04\/schody02_03-1-240x300.jpg 240w, https:\/\/www.morev.pl\/wp-content\/uploads\/2026\/04\/schody02_03-1-768x960.jpg 768w, https:\/\/www.morev.pl\/wp-content\/uploads\/2026\/04\/schody02_03-1-1229x1536.jpg 1229w, https:\/\/www.morev.pl\/wp-content\/uploads\/2026\/04\/schody02_03-1-1638x2048.jpg 1638w, https:\/\/www.morev.pl\/wp-content\/uploads\/2026\/04\/schody02_03-1-scaled.jpg 2048w\" sizes=\"auto, (max-width: 819px) 100vw, 819px\" \/><\/a><\/figure>\n\n\n\n<figure class=\"wp-block-image size-large\"><a href=\"https:\/\/morev.pl\/wp-content\/uploads\/2026\/04\/tar_01.jpg\"><img loading=\"lazy\" decoding=\"async\" width=\"1024\" height=\"576\" data-id=\"750\" src=\"https:\/\/morev.pl\/wp-content\/uploads\/2026\/04\/tar_01-1024x576.jpg\" alt=\"\" class=\"wp-image-750\" srcset=\"https:\/\/www.morev.pl\/wp-content\/uploads\/2026\/04\/tar_01-1024x576.jpg 1024w, https:\/\/www.morev.pl\/wp-content\/uploads\/2026\/04\/tar_01-300x169.jpg 300w, https:\/\/www.morev.pl\/wp-content\/uploads\/2026\/04\/tar_01-768x432.jpg 768w, https:\/\/www.morev.pl\/wp-content\/uploads\/2026\/04\/tar_01.jpg 1080w\" sizes=\"auto, (max-width: 1024px) 100vw, 1024px\" \/><\/a><\/figure>\n\n\n\n<figure class=\"wp-block-image size-large\"><a href=\"https:\/\/morev.pl\/wp-content\/uploads\/2026\/04\/tar02.jpg\"><img loading=\"lazy\" decoding=\"async\" width=\"1024\" height=\"576\" data-id=\"749\" src=\"https:\/\/morev.pl\/wp-content\/uploads\/2026\/04\/tar02-1024x576.jpg\" alt=\"\" class=\"wp-image-749\" srcset=\"https:\/\/www.morev.pl\/wp-content\/uploads\/2026\/04\/tar02-1024x576.jpg 1024w, https:\/\/www.morev.pl\/wp-content\/uploads\/2026\/04\/tar02-300x169.jpg 300w, https:\/\/www.morev.pl\/wp-content\/uploads\/2026\/04\/tar02-768x432.jpg 768w, https:\/\/www.morev.pl\/wp-content\/uploads\/2026\/04\/tar02.jpg 1080w\" sizes=\"auto, (max-width: 1024px) 100vw, 1024px\" \/><\/a><\/figure>\n<\/figure>\n","protected":false},"excerpt":{"rendered":"<p>Projektujemy i wykonujemy schody z litego drewna, kt\u00f3re staj\u0105 si\u0119 wizyt\u00f3wk\u0105 ka\u017cdego wn\u0119trza. Stosujemy gatunki o najwy\u017cszej twardo\u015bci, takie jak d\u0105b, jesion, co gwarantuje odporno\u015b\u0107 na lata u\u017cytkowania. Oferujemy nowoczesne konstrukcje na beton, \u0142\u0105cz\u0105c szlachetne drewno ze szk\u0142em lub metalem, aby uzyska\u0107 efekt lekko\u015bci i nowoczesnego designu.<\/p>\n","protected":false},"author":1,"featured_media":0,"parent":0,"menu_order":0,"comment_status":"closed","ping_status":"closed","template":"gallery","meta":{"pagelayer_contact_templates":[],"_pagelayer_content":"","footnotes":""},"class_list":["post-634","page","type-page","status-publish","hentry"],"_links":{"self":[{"href":"https:\/\/www.morev.pl\/index.php?rest_route=\/wp\/v2\/pages\/634","targetHints":{"allow":["GET"]}}],"collection":[{"href":"https:\/\/www.morev.pl\/index.php?rest_route=\/wp\/v2\/pages"}],"about":[{"href":"https:\/\/www.morev.pl\/index.php?rest_route=\/wp\/v2\/types\/page"}],"author":[{"embeddable":true,"href":"https:\/\/www.morev.pl\/index.php?rest_route=\/wp\/v2\/users\/1"}],"replies":[{"embeddable":true,"href":"https:\/\/www.morev.pl\/index.php?rest_route=%2Fwp%2Fv2%2Fcomments&post=634"}],"version-history":[{"count":0,"href":"https:\/\/www.morev.pl\/index.php?rest_route=\/wp\/v2\/pages\/634\/revisions"}],"wp:attachment":[{"href":"https:\/\/www.morev.pl\/index.php?rest_route=%2Fwp%2Fv2%2Fmedia&parent=634"}],"curies":[{"name":"wp","href":"https:\/\/api.w.org\/{rel}","templated":true}]}}