{"id":648,"date":"2026-04-15T16:41:50","date_gmt":"2026-04-15T16:41:50","guid":{"rendered":"https:\/\/host10538.iqhs.pl\/?page_id=648"},"modified":"2026-04-16T09:53:43","modified_gmt":"2026-04-16T08:53:43","slug":"lazienki","status":"publish","type":"page","link":"https:\/\/www.morev.pl\/lazienki\/","title":{"rendered":"\u0141azienki"},"content":{"rendered":"\n<h2>\u0141azienki<\/h2>\n\n\n\n<div class=\"wp-block-columns has-border-color is-layout-flex wp-container-core-columns-is-layout-44468703 wp-block-columns-is-layout-flex\" style=\"border-color:#ff9900;border-width:2px;border-top-left-radius:10px;border-top-right-radius:10px;border-bottom-left-radius:10px;border-bottom-right-radius:10px;padding-top:var(--wp--preset--spacing--10);padding-right:var(--wp--preset--spacing--10);padding-bottom:var(--wp--preset--spacing--10);padding-left:var(--wp--preset--spacing--10)\">\n<div class=\"wp-block-column is-layout-flow wp-block-column-is-layout-flow\">\n<figure class=\"wp-block-image size-full\"><img loading=\"lazy\" decoding=\"async\" width=\"800\" height=\"400\" src=\"https:\/\/morev.pl\/wp-content\/uploads\/2026\/04\/banner02.jpg\" alt=\"\" class=\"wp-image-801\" srcset=\"https:\/\/www.morev.pl\/wp-content\/uploads\/2026\/04\/banner02.jpg 800w, https:\/\/www.morev.pl\/wp-content\/uploads\/2026\/04\/banner02-300x150.jpg 300w, https:\/\/www.morev.pl\/wp-content\/uploads\/2026\/04\/banner02-768x384.jpg 768w\" sizes=\"auto, (max-width: 800px) 100vw, 800px\" \/><\/figure>\n<\/div>\n\n\n\n<div class=\"wp-block-column is-layout-flow wp-block-column-is-layout-flow\">\n<p>W realizacji mebli \u0142azienkowych stawiamy na trwa\u0142o\u015b\u0107 i odporno\u015b\u0107. Stosujemy blaty HPL, wodoodporny akryl oraz naturalne drewno zabezpieczone wysokiej klasy lakierami hydrofobowymi. Przy zapewnieniu odpowiedniej wentylacji w \u0142azience, oferujemy r\u00f3wnie\u017c mo\u017cliwo\u015b\u0107 wykonania mebli z wysokiej jako\u015bci p\u0142yty laminowanej.<\/p>\n<\/div>\n<\/div>\n\n\n\n<figure class=\"wp-block-gallery has-nested-images columns-2 wp-block-gallery-1 is-layout-flex wp-block-gallery-is-layout-flex\">\n<figure class=\"wp-block-image size-large\"><a href=\"https:\/\/morev.pl\/wp-content\/uploads\/2026\/04\/Threads_001.jpg\"><img loading=\"lazy\" decoding=\"async\" width=\"819\" height=\"1024\" data-id=\"651\" src=\"https:\/\/morev.pl\/wp-content\/uploads\/2026\/04\/Threads_001-819x1024.jpg\" alt=\"\" class=\"wp-image-651\" srcset=\"https:\/\/www.morev.pl\/wp-content\/uploads\/2026\/04\/Threads_001-819x1024.jpg 819w, https:\/\/www.morev.pl\/wp-content\/uploads\/2026\/04\/Threads_001-240x300.jpg 240w, https:\/\/www.morev.pl\/wp-content\/uploads\/2026\/04\/Threads_001-768x960.jpg 768w, https:\/\/www.morev.pl\/wp-content\/uploads\/2026\/04\/Threads_001.jpg 1080w\" sizes=\"auto, (max-width: 819px) 100vw, 819px\" \/><\/a><\/figure>\n\n\n\n<figure class=\"wp-block-image size-large\"><a href=\"https:\/\/morev.pl\/wp-content\/uploads\/2026\/04\/bath005.jpg\"><img loading=\"lazy\" decoding=\"async\" width=\"819\" height=\"1024\" data-id=\"655\" src=\"https:\/\/morev.pl\/wp-content\/uploads\/2026\/04\/bath005-819x1024.jpg\" alt=\"\" class=\"wp-image-655\" srcset=\"https:\/\/www.morev.pl\/wp-content\/uploads\/2026\/04\/bath005-819x1024.jpg 819w, https:\/\/www.morev.pl\/wp-content\/uploads\/2026\/04\/bath005-240x300.jpg 240w, https:\/\/www.morev.pl\/wp-content\/uploads\/2026\/04\/bath005-768x960.jpg 768w, https:\/\/www.morev.pl\/wp-content\/uploads\/2026\/04\/bath005.jpg 1080w\" sizes=\"auto, (max-width: 819px) 100vw, 819px\" \/><\/a><\/figure>\n\n\n\n<figure class=\"wp-block-image size-large\"><a href=\"https:\/\/morev.pl\/wp-content\/uploads\/2026\/04\/laz_026_02-scaled.jpg\"><img loading=\"lazy\" decoding=\"async\" width=\"768\" height=\"1024\" data-id=\"658\" src=\"https:\/\/morev.pl\/wp-content\/uploads\/2026\/04\/laz_026_02-768x1024.jpg\" alt=\"\" class=\"wp-image-658\" srcset=\"https:\/\/www.morev.pl\/wp-content\/uploads\/2026\/04\/laz_026_02-768x1024.jpg 768w, https:\/\/www.morev.pl\/wp-content\/uploads\/2026\/04\/laz_026_02-225x300.jpg 225w, https:\/\/www.morev.pl\/wp-content\/uploads\/2026\/04\/laz_026_02-1152x1536.jpg 1152w, https:\/\/www.morev.pl\/wp-content\/uploads\/2026\/04\/laz_026_02-1536x2048.jpg 1536w, https:\/\/www.morev.pl\/wp-content\/uploads\/2026\/04\/laz_026_02-scaled.jpg 1920w\" sizes=\"auto, (max-width: 768px) 100vw, 768px\" \/><\/a><\/figure>\n\n\n\n<figure class=\"wp-block-image size-large\"><a href=\"https:\/\/morev.pl\/wp-content\/uploads\/2026\/04\/laz06_02.jpg\"><img loading=\"lazy\" decoding=\"async\" width=\"819\" height=\"1024\" data-id=\"664\" src=\"https:\/\/morev.pl\/wp-content\/uploads\/2026\/04\/laz06_02-819x1024.jpg\" alt=\"\" class=\"wp-image-664\" srcset=\"https:\/\/www.morev.pl\/wp-content\/uploads\/2026\/04\/laz06_02-819x1024.jpg 819w, https:\/\/www.morev.pl\/wp-content\/uploads\/2026\/04\/laz06_02-240x300.jpg 240w, https:\/\/www.morev.pl\/wp-content\/uploads\/2026\/04\/laz06_02-768x960.jpg 768w, https:\/\/www.morev.pl\/wp-content\/uploads\/2026\/04\/laz06_02.jpg 1080w\" sizes=\"auto, (max-width: 819px) 100vw, 819px\" \/><\/a><\/figure>\n\n\n\n<figure class=\"wp-block-image size-large\"><a href=\"https:\/\/morev.pl\/wp-content\/uploads\/2026\/04\/laz02.jpg\"><img loading=\"lazy\" decoding=\"async\" width=\"1024\" height=\"576\" data-id=\"649\" src=\"https:\/\/morev.pl\/wp-content\/uploads\/2026\/04\/laz02-1024x576.jpg\" alt=\"\" class=\"wp-image-649\" srcset=\"https:\/\/www.morev.pl\/wp-content\/uploads\/2026\/04\/laz02-1024x576.jpg 1024w, https:\/\/www.morev.pl\/wp-content\/uploads\/2026\/04\/laz02-300x169.jpg 300w, https:\/\/www.morev.pl\/wp-content\/uploads\/2026\/04\/laz02-768x432.jpg 768w, https:\/\/www.morev.pl\/wp-content\/uploads\/2026\/04\/laz02.jpg 1080w\" sizes=\"auto, (max-width: 1024px) 100vw, 1024px\" \/><\/a><\/figure>\n\n\n\n<figure class=\"wp-block-image size-large\"><a href=\"https:\/\/morev.pl\/wp-content\/uploads\/2026\/04\/laz02b.jpg\"><img loading=\"lazy\" decoding=\"async\" width=\"1024\" height=\"576\" data-id=\"650\" src=\"https:\/\/morev.pl\/wp-content\/uploads\/2026\/04\/laz02b-1024x576.jpg\" alt=\"\" class=\"wp-image-650\" srcset=\"https:\/\/www.morev.pl\/wp-content\/uploads\/2026\/04\/laz02b-1024x576.jpg 1024w, https:\/\/www.morev.pl\/wp-content\/uploads\/2026\/04\/laz02b-300x169.jpg 300w, https:\/\/www.morev.pl\/wp-content\/uploads\/2026\/04\/laz02b-768x432.jpg 768w, https:\/\/www.morev.pl\/wp-content\/uploads\/2026\/04\/laz02b.jpg 1080w\" sizes=\"auto, (max-width: 1024px) 100vw, 1024px\" \/><\/a><\/figure>\n\n\n\n<figure class=\"wp-block-image size-large\"><a href=\"https:\/\/morev.pl\/wp-content\/uploads\/2026\/04\/laz02_01.jpg\"><img loading=\"lazy\" decoding=\"async\" width=\"827\" height=\"1024\" data-id=\"657\" src=\"https:\/\/morev.pl\/wp-content\/uploads\/2026\/04\/laz02_01-827x1024.jpg\" alt=\"\" class=\"wp-image-657\" srcset=\"https:\/\/www.morev.pl\/wp-content\/uploads\/2026\/04\/laz02_01-827x1024.jpg 827w, https:\/\/www.morev.pl\/wp-content\/uploads\/2026\/04\/laz02_01-242x300.jpg 242w, https:\/\/www.morev.pl\/wp-content\/uploads\/2026\/04\/laz02_01-768x951.jpg 768w, https:\/\/www.morev.pl\/wp-content\/uploads\/2026\/04\/laz02_01-1240x1536.jpg 1240w, https:\/\/www.morev.pl\/wp-content\/uploads\/2026\/04\/laz02_01.jpg 1453w\" sizes=\"auto, (max-width: 827px) 100vw, 827px\" \/><\/a><\/figure>\n\n\n\n<figure class=\"wp-block-image size-large\"><a href=\"https:\/\/morev.pl\/wp-content\/uploads\/2026\/04\/laz03_01.jpg\"><img loading=\"lazy\" decoding=\"async\" width=\"819\" height=\"1024\" data-id=\"654\" src=\"https:\/\/morev.pl\/wp-content\/uploads\/2026\/04\/laz03_01-819x1024.jpg\" alt=\"\" class=\"wp-image-654\" srcset=\"https:\/\/www.morev.pl\/wp-content\/uploads\/2026\/04\/laz03_01-819x1024.jpg 819w, https:\/\/www.morev.pl\/wp-content\/uploads\/2026\/04\/laz03_01-240x300.jpg 240w, https:\/\/www.morev.pl\/wp-content\/uploads\/2026\/04\/laz03_01-768x960.jpg 768w, https:\/\/www.morev.pl\/wp-content\/uploads\/2026\/04\/laz03_01.jpg 1080w\" sizes=\"auto, (max-width: 819px) 100vw, 819px\" \/><\/a><\/figure>\n\n\n\n<figure class=\"wp-block-image size-large\"><a href=\"https:\/\/morev.pl\/wp-content\/uploads\/2026\/04\/laz05_01.jpg\"><img loading=\"lazy\" decoding=\"async\" width=\"819\" height=\"1024\" data-id=\"666\" src=\"https:\/\/morev.pl\/wp-content\/uploads\/2026\/04\/laz05_01-819x1024.jpg\" alt=\"\" class=\"wp-image-666\" srcset=\"https:\/\/www.morev.pl\/wp-content\/uploads\/2026\/04\/laz05_01-819x1024.jpg 819w, https:\/\/www.morev.pl\/wp-content\/uploads\/2026\/04\/laz05_01-240x300.jpg 240w, https:\/\/www.morev.pl\/wp-content\/uploads\/2026\/04\/laz05_01-768x960.jpg 768w, https:\/\/www.morev.pl\/wp-content\/uploads\/2026\/04\/laz05_01.jpg 1080w\" sizes=\"auto, (max-width: 819px) 100vw, 819px\" \/><\/a><\/figure>\n\n\n\n<figure class=\"wp-block-image size-large\"><a href=\"https:\/\/morev.pl\/wp-content\/uploads\/2026\/04\/laz04_1.jpg\"><img loading=\"lazy\" decoding=\"async\" width=\"819\" height=\"1024\" data-id=\"652\" src=\"https:\/\/morev.pl\/wp-content\/uploads\/2026\/04\/laz04_1-819x1024.jpg\" alt=\"\" class=\"wp-image-652\" srcset=\"https:\/\/www.morev.pl\/wp-content\/uploads\/2026\/04\/laz04_1-819x1024.jpg 819w, https:\/\/www.morev.pl\/wp-content\/uploads\/2026\/04\/laz04_1-240x300.jpg 240w, https:\/\/www.morev.pl\/wp-content\/uploads\/2026\/04\/laz04_1-768x960.jpg 768w, https:\/\/www.morev.pl\/wp-content\/uploads\/2026\/04\/laz04_1.jpg 1080w\" sizes=\"auto, (max-width: 819px) 100vw, 819px\" \/><\/a><\/figure>\n\n\n\n<figure class=\"wp-block-image size-large\"><a href=\"https:\/\/morev.pl\/wp-content\/uploads\/2026\/04\/laz06_01.jpg\"><img loading=\"lazy\" decoding=\"async\" width=\"819\" height=\"1024\" data-id=\"653\" src=\"https:\/\/morev.pl\/wp-content\/uploads\/2026\/04\/laz06_01-819x1024.jpg\" alt=\"\" class=\"wp-image-653\" srcset=\"https:\/\/www.morev.pl\/wp-content\/uploads\/2026\/04\/laz06_01-819x1024.jpg 819w, https:\/\/www.morev.pl\/wp-content\/uploads\/2026\/04\/laz06_01-240x300.jpg 240w, https:\/\/www.morev.pl\/wp-content\/uploads\/2026\/04\/laz06_01-768x960.jpg 768w, https:\/\/www.morev.pl\/wp-content\/uploads\/2026\/04\/laz06_01.jpg 1080w\" sizes=\"auto, (max-width: 819px) 100vw, 819px\" \/><\/a><\/figure>\n\n\n\n<figure class=\"wp-block-image size-large\"><a href=\"https:\/\/morev.pl\/wp-content\/uploads\/2026\/04\/laz_026_02-1-scaled.jpg\"><img loading=\"lazy\" decoding=\"async\" width=\"768\" height=\"1024\" data-id=\"663\" src=\"https:\/\/morev.pl\/wp-content\/uploads\/2026\/04\/laz_026_02-1-768x1024.jpg\" alt=\"\" class=\"wp-image-663\" srcset=\"https:\/\/www.morev.pl\/wp-content\/uploads\/2026\/04\/laz_026_02-1-768x1024.jpg 768w, https:\/\/www.morev.pl\/wp-content\/uploads\/2026\/04\/laz_026_02-1-225x300.jpg 225w, https:\/\/www.morev.pl\/wp-content\/uploads\/2026\/04\/laz_026_02-1-1152x1536.jpg 1152w, https:\/\/www.morev.pl\/wp-content\/uploads\/2026\/04\/laz_026_02-1-1536x2048.jpg 1536w, https:\/\/www.morev.pl\/wp-content\/uploads\/2026\/04\/laz_026_02-1-scaled.jpg 1920w\" sizes=\"auto, (max-width: 768px) 100vw, 768px\" \/><\/a><\/figure>\n<\/figure>\n","protected":false},"excerpt":{"rendered":"<p>W realizacji mebli \u0142azienkowych stawiamy na trwa\u0142o\u015b\u0107 i odporno\u015b\u0107. Stosujemy blaty HPL, wodoodporny akryl oraz naturalne drewno zabezpieczone wysokiej klasy lakierami hydrofobowymi. Przy zapewnieniu odpowiedniej wentylacji w \u0142azience, oferujemy r\u00f3wnie\u017c mo\u017cliwo\u015b\u0107 wykonania mebli z wysokiej jako\u015bci p\u0142yty laminowanej.<\/p>\n","protected":false},"author":1,"featured_media":0,"parent":0,"menu_order":0,"comment_status":"closed","ping_status":"closed","template":"","meta":{"pagelayer_contact_templates":[],"_pagelayer_content":"","footnotes":""},"class_list":["post-648","page","type-page","status-publish","hentry"],"_links":{"self":[{"href":"https:\/\/www.morev.pl\/wp-json\/wp\/v2\/pages\/648","targetHints":{"allow":["GET"]}}],"collection":[{"href":"https:\/\/www.morev.pl\/wp-json\/wp\/v2\/pages"}],"about":[{"href":"https:\/\/www.morev.pl\/wp-json\/wp\/v2\/types\/page"}],"author":[{"embeddable":true,"href":"https:\/\/www.morev.pl\/wp-json\/wp\/v2\/users\/1"}],"replies":[{"embeddable":true,"href":"https:\/\/www.morev.pl\/wp-json\/wp\/v2\/comments?post=648"}],"version-history":[{"count":0,"href":"https:\/\/www.morev.pl\/wp-json\/wp\/v2\/pages\/648\/revisions"}],"wp:attachment":[{"href":"https:\/\/www.morev.pl\/wp-json\/wp\/v2\/media?parent=648"}],"curies":[{"name":"wp","href":"https:\/\/api.w.org\/{rel}","templated":true}]}}