{"id":668,"date":"2026-04-15T17:09:05","date_gmt":"2026-04-15T17:09:05","guid":{"rendered":"https:\/\/host10538.iqhs.pl\/?page_id=668"},"modified":"2026-04-16T10:38:08","modified_gmt":"2026-04-16T09:38:08","slug":"targowe","status":"publish","type":"page","link":"https:\/\/www.morev.pl\/?page_id=668","title":{"rendered":"Targowe"},"content":{"rendered":"\n<h2>Meble targowe<\/h2>\n\n\n\n<div class=\"wp-block-columns has-border-color is-layout-flex wp-container-core-columns-is-layout-44468703 wp-block-columns-is-layout-flex\" style=\"border-color:#ff9900;border-width:2px;border-top-left-radius:10px;border-top-right-radius:10px;border-bottom-left-radius:10px;border-bottom-right-radius:10px;padding-top:var(--wp--preset--spacing--10);padding-right:var(--wp--preset--spacing--10);padding-bottom:var(--wp--preset--spacing--10);padding-left:var(--wp--preset--spacing--10)\">\n<div class=\"wp-block-column is-layout-flow wp-block-column-is-layout-flow\">\n<figure class=\"wp-block-image size-full\"><img loading=\"lazy\" decoding=\"async\" width=\"800\" height=\"400\" src=\"https:\/\/morev.pl\/wp-content\/uploads\/2026\/04\/banner05.jpg\" alt=\"\" class=\"wp-image-813\" srcset=\"https:\/\/www.morev.pl\/wp-content\/uploads\/2026\/04\/banner05.jpg 800w, https:\/\/www.morev.pl\/wp-content\/uploads\/2026\/04\/banner05-300x150.jpg 300w, https:\/\/www.morev.pl\/wp-content\/uploads\/2026\/04\/banner05-768x384.jpg 768w\" sizes=\"auto, (max-width: 800px) 100vw, 800px\" \/><\/figure>\n<\/div>\n\n\n\n<div class=\"wp-block-column is-layout-flow wp-block-column-is-layout-flow\">\n<p>Tworzymy funkcjonalne i nowoczesne meble dla biznesu &#8211; od eleganckich wysp handlowych w galeriach po stylowe lady barowe i recepcje. Rozumiemy specyfik\u0119 handlu, dlatego nasze konstrukcje \u0142\u0105cz\u0105 w sobie estetyk\u0119 z wyj\u0105tkow\u0105 trwa\u0142o\u015bci\u0105. Wykorzystujemy materia\u0142y odporne na intensywn\u0105 eksploatacj\u0119, kt\u00f3re skutecznie eksponuj\u0105 Tw\u00f3j produkt i przyci\u0105gaj\u0105 uwag\u0119 klient\u00f3w.<\/p>\n<\/div>\n<\/div>\n\n\n\n<figure class=\"wp-block-gallery has-nested-images columns-2 wp-block-gallery-1 is-layout-flex wp-block-gallery-is-layout-flex\">\n<figure class=\"wp-block-image size-large\"><a href=\"https:\/\/morev.pl\/wp-content\/uploads\/2026\/04\/ts01.jpg\"><img loading=\"lazy\" decoding=\"async\" width=\"1024\" height=\"1024\" data-id=\"675\" src=\"https:\/\/morev.pl\/wp-content\/uploads\/2026\/04\/ts01-1024x1024.jpg\" alt=\"\" class=\"wp-image-675\" srcset=\"https:\/\/www.morev.pl\/wp-content\/uploads\/2026\/04\/ts01-1024x1024.jpg 1024w, https:\/\/www.morev.pl\/wp-content\/uploads\/2026\/04\/ts01-300x300.jpg 300w, https:\/\/www.morev.pl\/wp-content\/uploads\/2026\/04\/ts01-150x150.jpg 150w, https:\/\/www.morev.pl\/wp-content\/uploads\/2026\/04\/ts01-768x768.jpg 768w, https:\/\/www.morev.pl\/wp-content\/uploads\/2026\/04\/ts01.jpg 1080w\" sizes=\"auto, (max-width: 1024px) 100vw, 1024px\" \/><\/a><\/figure>\n\n\n\n<figure class=\"wp-block-image size-large\"><a href=\"https:\/\/morev.pl\/wp-content\/uploads\/2026\/04\/ts02.jpg\"><img loading=\"lazy\" decoding=\"async\" width=\"1024\" height=\"1024\" data-id=\"671\" src=\"https:\/\/morev.pl\/wp-content\/uploads\/2026\/04\/ts02-1024x1024.jpg\" alt=\"\" class=\"wp-image-671\" srcset=\"https:\/\/www.morev.pl\/wp-content\/uploads\/2026\/04\/ts02-1024x1024.jpg 1024w, https:\/\/www.morev.pl\/wp-content\/uploads\/2026\/04\/ts02-300x300.jpg 300w, https:\/\/www.morev.pl\/wp-content\/uploads\/2026\/04\/ts02-150x150.jpg 150w, https:\/\/www.morev.pl\/wp-content\/uploads\/2026\/04\/ts02-768x768.jpg 768w, https:\/\/www.morev.pl\/wp-content\/uploads\/2026\/04\/ts02.jpg 1080w\" sizes=\"auto, (max-width: 1024px) 100vw, 1024px\" \/><\/a><\/figure>\n\n\n\n<figure class=\"wp-block-image size-large\"><a href=\"https:\/\/morev.pl\/wp-content\/uploads\/2026\/04\/sush_ininja_01-1.jpg\"><img loading=\"lazy\" decoding=\"async\" width=\"1024\" height=\"1024\" data-id=\"674\" src=\"https:\/\/morev.pl\/wp-content\/uploads\/2026\/04\/sush_ininja_01-1-1024x1024.jpg\" alt=\"\" class=\"wp-image-674\" srcset=\"https:\/\/www.morev.pl\/wp-content\/uploads\/2026\/04\/sush_ininja_01-1-1024x1024.jpg 1024w, https:\/\/www.morev.pl\/wp-content\/uploads\/2026\/04\/sush_ininja_01-1-300x300.jpg 300w, https:\/\/www.morev.pl\/wp-content\/uploads\/2026\/04\/sush_ininja_01-1-150x150.jpg 150w, https:\/\/www.morev.pl\/wp-content\/uploads\/2026\/04\/sush_ininja_01-1-768x768.jpg 768w, https:\/\/www.morev.pl\/wp-content\/uploads\/2026\/04\/sush_ininja_01-1.jpg 1080w\" sizes=\"auto, (max-width: 1024px) 100vw, 1024px\" \/><\/a><\/figure>\n\n\n\n<figure class=\"wp-block-image size-large\"><a href=\"https:\/\/morev.pl\/wp-content\/uploads\/2026\/04\/sush_ininja_02.jpg\"><img loading=\"lazy\" decoding=\"async\" width=\"1024\" height=\"1024\" data-id=\"673\" src=\"https:\/\/morev.pl\/wp-content\/uploads\/2026\/04\/sush_ininja_02-1024x1024.jpg\" alt=\"\" class=\"wp-image-673\" srcset=\"https:\/\/www.morev.pl\/wp-content\/uploads\/2026\/04\/sush_ininja_02-1024x1024.jpg 1024w, https:\/\/www.morev.pl\/wp-content\/uploads\/2026\/04\/sush_ininja_02-300x300.jpg 300w, https:\/\/www.morev.pl\/wp-content\/uploads\/2026\/04\/sush_ininja_02-150x150.jpg 150w, https:\/\/www.morev.pl\/wp-content\/uploads\/2026\/04\/sush_ininja_02-768x768.jpg 768w, https:\/\/www.morev.pl\/wp-content\/uploads\/2026\/04\/sush_ininja_02.jpg 1080w\" sizes=\"auto, (max-width: 1024px) 100vw, 1024px\" \/><\/a><\/figure>\n\n\n\n<figure class=\"wp-block-image size-large\"><a href=\"https:\/\/morev.pl\/wp-content\/uploads\/2026\/04\/bar_03_01.jpg\"><img loading=\"lazy\" decoding=\"async\" width=\"819\" height=\"1024\" data-id=\"678\" src=\"https:\/\/morev.pl\/wp-content\/uploads\/2026\/04\/bar_03_01-819x1024.jpg\" alt=\"\" class=\"wp-image-678\" srcset=\"https:\/\/www.morev.pl\/wp-content\/uploads\/2026\/04\/bar_03_01-819x1024.jpg 819w, https:\/\/www.morev.pl\/wp-content\/uploads\/2026\/04\/bar_03_01-240x300.jpg 240w, https:\/\/www.morev.pl\/wp-content\/uploads\/2026\/04\/bar_03_01-768x960.jpg 768w, https:\/\/www.morev.pl\/wp-content\/uploads\/2026\/04\/bar_03_01.jpg 1080w\" sizes=\"auto, (max-width: 819px) 100vw, 819px\" \/><\/a><\/figure>\n\n\n\n<figure class=\"wp-block-image size-large\"><a href=\"https:\/\/morev.pl\/wp-content\/uploads\/2026\/04\/bar_03_03.jpg\"><img loading=\"lazy\" decoding=\"async\" width=\"819\" height=\"1024\" data-id=\"677\" src=\"https:\/\/morev.pl\/wp-content\/uploads\/2026\/04\/bar_03_03-819x1024.jpg\" alt=\"\" class=\"wp-image-677\" srcset=\"https:\/\/www.morev.pl\/wp-content\/uploads\/2026\/04\/bar_03_03-819x1024.jpg 819w, https:\/\/www.morev.pl\/wp-content\/uploads\/2026\/04\/bar_03_03-240x300.jpg 240w, https:\/\/www.morev.pl\/wp-content\/uploads\/2026\/04\/bar_03_03-768x960.jpg 768w, https:\/\/www.morev.pl\/wp-content\/uploads\/2026\/04\/bar_03_03.jpg 1080w\" sizes=\"auto, (max-width: 819px) 100vw, 819px\" \/><\/a><\/figure>\n\n\n\n<figure class=\"wp-block-image size-large\"><a href=\"https:\/\/morev.pl\/wp-content\/uploads\/2026\/04\/bar01.jpg\"><img loading=\"lazy\" decoding=\"async\" width=\"1024\" height=\"1024\" data-id=\"679\" src=\"https:\/\/morev.pl\/wp-content\/uploads\/2026\/04\/bar01-1024x1024.jpg\" alt=\"\" class=\"wp-image-679\" srcset=\"https:\/\/www.morev.pl\/wp-content\/uploads\/2026\/04\/bar01-1024x1024.jpg 1024w, https:\/\/www.morev.pl\/wp-content\/uploads\/2026\/04\/bar01-300x300.jpg 300w, https:\/\/www.morev.pl\/wp-content\/uploads\/2026\/04\/bar01-150x150.jpg 150w, https:\/\/www.morev.pl\/wp-content\/uploads\/2026\/04\/bar01-768x768.jpg 768w, https:\/\/www.morev.pl\/wp-content\/uploads\/2026\/04\/bar01.jpg 1080w\" sizes=\"auto, (max-width: 1024px) 100vw, 1024px\" \/><\/a><\/figure>\n\n\n\n<figure class=\"wp-block-image size-large\"><a href=\"https:\/\/morev.pl\/wp-content\/uploads\/2026\/04\/bar02.jpg\"><img loading=\"lazy\" decoding=\"async\" width=\"1024\" height=\"1024\" data-id=\"680\" src=\"https:\/\/morev.pl\/wp-content\/uploads\/2026\/04\/bar02-1024x1024.jpg\" alt=\"\" class=\"wp-image-680\" srcset=\"https:\/\/www.morev.pl\/wp-content\/uploads\/2026\/04\/bar02-1024x1024.jpg 1024w, https:\/\/www.morev.pl\/wp-content\/uploads\/2026\/04\/bar02-300x300.jpg 300w, https:\/\/www.morev.pl\/wp-content\/uploads\/2026\/04\/bar02-150x150.jpg 150w, https:\/\/www.morev.pl\/wp-content\/uploads\/2026\/04\/bar02-768x768.jpg 768w, https:\/\/www.morev.pl\/wp-content\/uploads\/2026\/04\/bar02.jpg 1080w\" sizes=\"auto, (max-width: 1024px) 100vw, 1024px\" \/><\/a><\/figure>\n\n\n\n<figure class=\"wp-block-image size-large\"><a href=\"https:\/\/morev.pl\/wp-content\/uploads\/2026\/04\/ks_02.jpg\"><img loading=\"lazy\" decoding=\"async\" width=\"819\" height=\"1024\" data-id=\"682\" src=\"https:\/\/morev.pl\/wp-content\/uploads\/2026\/04\/ks_02-819x1024.jpg\" alt=\"\" class=\"wp-image-682\" srcset=\"https:\/\/www.morev.pl\/wp-content\/uploads\/2026\/04\/ks_02-819x1024.jpg 819w, https:\/\/www.morev.pl\/wp-content\/uploads\/2026\/04\/ks_02-240x300.jpg 240w, https:\/\/www.morev.pl\/wp-content\/uploads\/2026\/04\/ks_02-768x960.jpg 768w, https:\/\/www.morev.pl\/wp-content\/uploads\/2026\/04\/ks_02.jpg 1080w\" sizes=\"auto, (max-width: 819px) 100vw, 819px\" \/><\/a><\/figure>\n\n\n\n<figure class=\"wp-block-image size-large\"><a href=\"https:\/\/morev.pl\/wp-content\/uploads\/2026\/04\/ks_03.jpg\"><img loading=\"lazy\" decoding=\"async\" width=\"819\" height=\"1024\" data-id=\"683\" src=\"https:\/\/morev.pl\/wp-content\/uploads\/2026\/04\/ks_03-819x1024.jpg\" alt=\"\" class=\"wp-image-683\" srcset=\"https:\/\/www.morev.pl\/wp-content\/uploads\/2026\/04\/ks_03-819x1024.jpg 819w, https:\/\/www.morev.pl\/wp-content\/uploads\/2026\/04\/ks_03-240x300.jpg 240w, https:\/\/www.morev.pl\/wp-content\/uploads\/2026\/04\/ks_03-768x960.jpg 768w, https:\/\/www.morev.pl\/wp-content\/uploads\/2026\/04\/ks_03.jpg 1080w\" sizes=\"auto, (max-width: 819px) 100vw, 819px\" \/><\/a><\/figure>\n\n\n\n<figure class=\"wp-block-image size-large\"><a href=\"https:\/\/morev.pl\/wp-content\/uploads\/2026\/04\/ts05.jpg\"><img loading=\"lazy\" decoding=\"async\" width=\"1024\" height=\"1024\" data-id=\"684\" src=\"https:\/\/morev.pl\/wp-content\/uploads\/2026\/04\/ts05-1024x1024.jpg\" alt=\"\" class=\"wp-image-684\" srcset=\"https:\/\/www.morev.pl\/wp-content\/uploads\/2026\/04\/ts05-1024x1024.jpg 1024w, https:\/\/www.morev.pl\/wp-content\/uploads\/2026\/04\/ts05-300x300.jpg 300w, https:\/\/www.morev.pl\/wp-content\/uploads\/2026\/04\/ts05-150x150.jpg 150w, https:\/\/www.morev.pl\/wp-content\/uploads\/2026\/04\/ts05-768x768.jpg 768w, https:\/\/www.morev.pl\/wp-content\/uploads\/2026\/04\/ts05.jpg 1080w\" sizes=\"auto, (max-width: 1024px) 100vw, 1024px\" \/><\/a><\/figure>\n\n\n\n<figure class=\"wp-block-image size-large\"><img loading=\"lazy\" decoding=\"async\" width=\"1024\" height=\"1024\" data-id=\"685\" src=\"https:\/\/morev.pl\/wp-content\/uploads\/2026\/04\/wyspa02_4-1024x1024.jpg\" alt=\"\" class=\"wp-image-685\" srcset=\"https:\/\/www.morev.pl\/wp-content\/uploads\/2026\/04\/wyspa02_4-1024x1024.jpg 1024w, https:\/\/www.morev.pl\/wp-content\/uploads\/2026\/04\/wyspa02_4-300x300.jpg 300w, https:\/\/www.morev.pl\/wp-content\/uploads\/2026\/04\/wyspa02_4-150x150.jpg 150w, https:\/\/www.morev.pl\/wp-content\/uploads\/2026\/04\/wyspa02_4-768x768.jpg 768w, https:\/\/www.morev.pl\/wp-content\/uploads\/2026\/04\/wyspa02_4.jpg 1080w\" sizes=\"auto, (max-width: 1024px) 100vw, 1024px\" \/><\/figure>\n<\/figure>\n","protected":false},"excerpt":{"rendered":"<p>Tworzymy funkcjonalne i nowoczesne meble dla biznesu &#8211; od eleganckich wysp handlowych w galeriach po stylowe lady barowe i recepcje. Rozumiemy specyfik\u0119 handlu, dlatego nasze konstrukcje \u0142\u0105cz\u0105 w sobie estetyk\u0119 z wyj\u0105tkow\u0105 trwa\u0142o\u015bci\u0105. Wykorzystujemy materia\u0142y odporne na intensywn\u0105 eksploatacj\u0119, kt\u00f3re skutecznie eksponuj\u0105 Tw\u00f3j produkt i przyci\u0105gaj\u0105 uwag\u0119 klient\u00f3w.<\/p>\n","protected":false},"author":1,"featured_media":0,"parent":0,"menu_order":0,"comment_status":"closed","ping_status":"closed","template":"gallery","meta":{"pagelayer_contact_templates":[],"_pagelayer_content":"","footnotes":""},"class_list":["post-668","page","type-page","status-publish","hentry"],"_links":{"self":[{"href":"https:\/\/www.morev.pl\/index.php?rest_route=\/wp\/v2\/pages\/668","targetHints":{"allow":["GET"]}}],"collection":[{"href":"https:\/\/www.morev.pl\/index.php?rest_route=\/wp\/v2\/pages"}],"about":[{"href":"https:\/\/www.morev.pl\/index.php?rest_route=\/wp\/v2\/types\/page"}],"author":[{"embeddable":true,"href":"https:\/\/www.morev.pl\/index.php?rest_route=\/wp\/v2\/users\/1"}],"replies":[{"embeddable":true,"href":"https:\/\/www.morev.pl\/index.php?rest_route=%2Fwp%2Fv2%2Fcomments&post=668"}],"version-history":[{"count":0,"href":"https:\/\/www.morev.pl\/index.php?rest_route=\/wp\/v2\/pages\/668\/revisions"}],"wp:attachment":[{"href":"https:\/\/www.morev.pl\/index.php?rest_route=%2Fwp%2Fv2%2Fmedia&parent=668"}],"curies":[{"name":"wp","href":"https:\/\/api.w.org\/{rel}","templated":true}]}}