{"id":9,"date":"2026-03-26T12:09:55","date_gmt":"2026-03-26T12:09:55","guid":{"rendered":"https:\/\/host10538.iqhs.pl\/?page_id=9"},"modified":"2026-04-18T13:13:46","modified_gmt":"2026-04-18T12:13:46","slug":"homepage","status":"publish","type":"page","link":"https:\/\/www.morev.pl\/","title":{"rendered":"Morev meble"},"content":{"rendered":"\n<hr class=\"wp-block-separator has-text-color has-accent-3-color has-alpha-channel-opacity has-accent-3-background-color has-background is-style-dots\" style=\"margin-top:var(--wp--preset--spacing--10);margin-bottom:var(--wp--preset--spacing--10)\"\/>\n\n\n\n<h3>Meble na wymiar \u2022 Schody \u2022 Tarasy<br>Kompleksowa realizacja. Terminowo\u015b\u0107 i solidno\u015b\u0107.<\/h3>\n\n\n\n<h2 class=\"wp-block-heading has-text-align-center has-large-font-size\">Meble domowe. Meble dla gastronomii, hotelarstwa i handlu. Wyposa\u017canie mieszka\u0144 inwestycyjnych. Wyroby z drewna.<\/h2>\n\n\n\n<div class=\"wp-block-group is-style-section-3 has-global-padding is-layout-constrained wp-block-group-is-layout-constrained\">\n\n<div class=\"wp-block-columns is-layout-flex wp-container-core-columns-is-layout-28f84493 wp-block-columns-is-layout-flex\">\n<div class=\"wp-block-column has-border-color has-accent-3-border-color has-global-padding is-layout-constrained wp-container-core-column-is-layout-d5ee43d4 wp-block-column-is-layout-constrained\" style=\"border-width:2px;border-top-left-radius:10px;border-top-right-radius:10px;border-bottom-left-radius:10px;border-bottom-right-radius:10px;padding-top:var(--wp--preset--spacing--10);padding-right:var(--wp--preset--spacing--10);padding-bottom:var(--wp--preset--spacing--10);padding-left:var(--wp--preset--spacing--10);flex-basis:800px\">\n<div class=\"wp-block-group alignfull has-global-padding is-layout-constrained wp-container-core-group-is-layout-aff97930 wp-block-group-is-layout-constrained\" style=\"padding-top:var(--wp--preset--spacing--10);padding-right:var(--wp--preset--spacing--10);padding-bottom:var(--wp--preset--spacing--10);padding-left:var(--wp--preset--spacing--10)\">\n<div class=\"wp-block-group has-global-padding is-layout-constrained wp-container-core-group-is-layout-e555385e wp-block-group-is-layout-constrained\">\n<h4 class=\"wp-block-heading has-text-align-center has-large-font-size\">Projektowanie<\/h4>\n\n\n\n<div style=\"height:20px\" aria-hidden=\"true\" class=\"wp-block-spacer\"><\/div>\n\n\n\n<figure class=\"wp-block-image alignwide size-full has-custom-border is-style-default\"><img loading=\"lazy\" decoding=\"async\" width=\"1600\" height=\"1741\" src=\"https:\/\/morev.pl\/wp-content\/uploads\/2026\/04\/home02.jpg\" alt=\"Projektowanie\" class=\"wp-image-434\" style=\"border-top-left-radius:10px;border-top-right-radius:10px;border-bottom-left-radius:10px;border-bottom-right-radius:10px\" srcset=\"https:\/\/www.morev.pl\/wp-content\/uploads\/2026\/04\/home02.jpg 1600w, https:\/\/www.morev.pl\/wp-content\/uploads\/2026\/04\/home02-276x300.jpg 276w, https:\/\/www.morev.pl\/wp-content\/uploads\/2026\/04\/home02-941x1024.jpg 941w, https:\/\/www.morev.pl\/wp-content\/uploads\/2026\/04\/home02-768x836.jpg 768w, https:\/\/www.morev.pl\/wp-content\/uploads\/2026\/04\/home02-1412x1536.jpg 1412w\" sizes=\"auto, (max-width: 1600px) 100vw, 1600px\" \/><\/figure>\n\n\n\n<div style=\"height:20px\" aria-hidden=\"true\" class=\"wp-block-spacer\"><\/div>\n\n\n\n<p class=\"has-text-align-center\">Fundamentem mebli jest projekt. Projektujemy z pasj\u0105, doradzamy z do\u015bwiadczeniem. Z my\u015bl\u0105 o Twojej wygodzie.<\/p>\n<\/div>\n<\/div>\n<\/div>\n\n\n\n<div class=\"wp-block-column has-border-color has-accent-3-border-color has-global-padding is-layout-constrained wp-container-core-column-is-layout-d5ee43d4 wp-block-column-is-layout-constrained\" style=\"border-width:2px;border-top-left-radius:10px;border-top-right-radius:10px;border-bottom-left-radius:10px;border-bottom-right-radius:10px;padding-top:var(--wp--preset--spacing--10);padding-right:var(--wp--preset--spacing--10);padding-bottom:var(--wp--preset--spacing--10);padding-left:var(--wp--preset--spacing--10);flex-basis:800px\">\n<div class=\"wp-block-group alignfull has-global-padding is-layout-constrained wp-container-core-group-is-layout-aff97930 wp-block-group-is-layout-constrained\" style=\"padding-top:var(--wp--preset--spacing--10);padding-right:var(--wp--preset--spacing--10);padding-bottom:var(--wp--preset--spacing--10);padding-left:var(--wp--preset--spacing--10)\">\n<div class=\"wp-block-group has-global-padding is-layout-constrained wp-container-core-group-is-layout-e555385e wp-block-group-is-layout-constrained\">\n<h4 class=\"wp-block-heading has-text-align-center has-large-font-size\">Akcesoria i materia\u0142y<\/h4>\n\n\n\n<div style=\"height:20px\" aria-hidden=\"true\" class=\"wp-block-spacer\"><\/div>\n\n\n\n<figure class=\"wp-block-image alignwide size-full has-custom-border is-style-default\"><img loading=\"lazy\" decoding=\"async\" width=\"800\" height=\"800\" src=\"https:\/\/morev.pl\/wp-content\/uploads\/2026\/03\/home001.jpg\" alt=\"Akcesoria i materia\u0142y\" class=\"wp-image-154\" style=\"border-top-left-radius:10px;border-top-right-radius:10px;border-bottom-left-radius:10px;border-bottom-right-radius:10px\" srcset=\"https:\/\/www.morev.pl\/wp-content\/uploads\/2026\/03\/home001.jpg 800w, https:\/\/www.morev.pl\/wp-content\/uploads\/2026\/03\/home001-300x300.jpg 300w, https:\/\/www.morev.pl\/wp-content\/uploads\/2026\/03\/home001-150x150.jpg 150w, https:\/\/www.morev.pl\/wp-content\/uploads\/2026\/03\/home001-768x768.jpg 768w\" sizes=\"auto, (max-width: 800px) 100vw, 800px\" \/><\/figure>\n\n\n\n<div style=\"height:20px\" aria-hidden=\"true\" class=\"wp-block-spacer\"><\/div>\n\n\n\n<p class=\"has-text-align-center\">Tylko akcesoria wysokiej jako\u015bci. Akrylowe, fornirowane lub lakierowane fronty. P\u0142yta Kronospan, Egger, Cleaf. Blaty HPL lub drewniane.<\/p>\n<\/div>\n<\/div>\n<\/div>\n<\/div>\n\n\n\n\n\n<div class=\"wp-block-columns is-layout-flex wp-container-core-columns-is-layout-28f84493 wp-block-columns-is-layout-flex\">\n<div class=\"wp-block-column has-border-color has-accent-3-border-color has-global-padding is-layout-constrained wp-container-core-column-is-layout-d5ee43d4 wp-block-column-is-layout-constrained\" style=\"border-width:2px;border-top-left-radius:10px;border-top-right-radius:10px;border-bottom-left-radius:10px;border-bottom-right-radius:10px;padding-top:var(--wp--preset--spacing--10);padding-right:var(--wp--preset--spacing--10);padding-bottom:var(--wp--preset--spacing--10);padding-left:var(--wp--preset--spacing--10);flex-basis:800px\">\n<div class=\"wp-block-group alignfull has-global-padding is-layout-constrained wp-container-core-group-is-layout-aff97930 wp-block-group-is-layout-constrained\" style=\"padding-top:var(--wp--preset--spacing--10);padding-right:var(--wp--preset--spacing--10);padding-bottom:var(--wp--preset--spacing--10);padding-left:var(--wp--preset--spacing--10)\">\n<div class=\"wp-block-group has-global-padding is-layout-constrained wp-container-core-group-is-layout-e555385e wp-block-group-is-layout-constrained\">\n<h4 class=\"wp-block-heading has-text-align-center has-large-font-size\">Monta\u017c<\/h4>\n\n\n\n<div style=\"height:20px\" aria-hidden=\"true\" class=\"wp-block-spacer\"><\/div>\n\n\n\n<figure class=\"wp-block-image alignwide size-full has-custom-border is-style-default\"><img loading=\"lazy\" decoding=\"async\" width=\"800\" height=\"800\" src=\"https:\/\/morev.pl\/wp-content\/uploads\/2026\/03\/home002.jpg\" alt=\"Monta\u017c\" class=\"wp-image-158\" style=\"border-top-left-radius:10px;border-top-right-radius:10px;border-bottom-left-radius:10px;border-bottom-right-radius:10px\" srcset=\"https:\/\/www.morev.pl\/wp-content\/uploads\/2026\/03\/home002.jpg 800w, https:\/\/www.morev.pl\/wp-content\/uploads\/2026\/03\/home002-300x300.jpg 300w, https:\/\/www.morev.pl\/wp-content\/uploads\/2026\/03\/home002-150x150.jpg 150w, https:\/\/www.morev.pl\/wp-content\/uploads\/2026\/03\/home002-768x768.jpg 768w\" sizes=\"auto, (max-width: 800px) 100vw, 800px\" \/><\/figure>\n\n\n\n<div style=\"height:20px\" aria-hidden=\"true\" class=\"wp-block-spacer\"><\/div>\n\n\n\n<p class=\"has-text-align-center\">Pracujemy na profesjonalnym sprz\u0119cie najwy\u017cszej klasy. Meble montujemy precyzyjnie i z dba\u0142o\u015bci\u0105 o ka\u017cdy detal.<\/p>\n<\/div>\n<\/div>\n<\/div>\n\n\n\n<div class=\"wp-block-column has-border-color has-accent-3-border-color has-global-padding is-layout-constrained wp-container-core-column-is-layout-d5ee43d4 wp-block-column-is-layout-constrained\" style=\"border-width:2px;border-top-left-radius:10px;border-top-right-radius:10px;border-bottom-left-radius:10px;border-bottom-right-radius:10px;padding-top:var(--wp--preset--spacing--10);padding-right:var(--wp--preset--spacing--10);padding-bottom:var(--wp--preset--spacing--10);padding-left:var(--wp--preset--spacing--10);flex-basis:800px\">\n<div class=\"wp-block-group alignfull has-global-padding is-layout-constrained wp-container-core-group-is-layout-85b13f1e wp-block-group-is-layout-constrained\" style=\"padding-top:0;padding-right:var(--wp--preset--spacing--10);padding-bottom:0;padding-left:var(--wp--preset--spacing--10)\">\n<div class=\"wp-block-group has-global-padding is-layout-constrained wp-container-core-group-is-layout-e555385e wp-block-group-is-layout-constrained\">\n<h4 class=\"wp-block-heading has-text-align-center has-large-font-size\">Gwarancja<\/h4>\n\n\n\n<div style=\"height:20px\" aria-hidden=\"true\" class=\"wp-block-spacer\"><\/div>\n\n\n\n<figure class=\"wp-block-image alignwide size-full has-custom-border is-style-default\"><img loading=\"lazy\" decoding=\"async\" width=\"810\" height=\"810\" src=\"https:\/\/morev.pl\/wp-content\/uploads\/2026\/04\/home003-1.jpg\" alt=\"Gwarancja\" class=\"wp-image-489\" style=\"border-top-left-radius:10px;border-top-right-radius:10px;border-bottom-left-radius:10px;border-bottom-right-radius:10px\" srcset=\"https:\/\/www.morev.pl\/wp-content\/uploads\/2026\/04\/home003-1.jpg 810w, https:\/\/www.morev.pl\/wp-content\/uploads\/2026\/04\/home003-1-300x300.jpg 300w, https:\/\/www.morev.pl\/wp-content\/uploads\/2026\/04\/home003-1-150x150.jpg 150w, https:\/\/www.morev.pl\/wp-content\/uploads\/2026\/04\/home003-1-768x768.jpg 768w\" sizes=\"auto, (max-width: 810px) 100vw, 810px\" \/><\/figure>\n\n\n\n<div style=\"height:20px\" aria-hidden=\"true\" class=\"wp-block-spacer\"><\/div>\n\n\n\n<p class=\"has-text-align-center\">Wszystkie nasze meble s\u0105 obj\u0119te 24-miesi\u0119czn\u0105 gwarancj\u0105.<\/p>\n<\/div>\n<\/div>\n<\/div>\n<\/div>\n\n<\/div>\n\n\n\n<h3>Nasze realizacje<\/h3>\n\n\n\n<div class=\"wp-block-columns has-border-color is-layout-flex wp-container-core-columns-is-layout-44468703 wp-block-columns-is-layout-flex\" style=\"border-color:#ff9900;border-width:2px;border-top-left-radius:10px;border-top-right-radius:10px;border-bottom-left-radius:10px;border-bottom-right-radius:10px;padding-top:var(--wp--preset--spacing--10);padding-right:var(--wp--preset--spacing--10);padding-bottom:var(--wp--preset--spacing--10);padding-left:var(--wp--preset--spacing--10)\">\n<div class=\"wp-block-column is-layout-flow wp-block-column-is-layout-flow\">\n<h4>Sushi bar we Wroc\u0142awiu<\/h4>\n\n\n\n<figure class=\"wp-block-image size-full has-custom-border\"><img loading=\"lazy\" decoding=\"async\" width=\"1200\" height=\"1200\" src=\"https:\/\/morev.pl\/wp-content\/uploads\/2026\/03\/fb_business_001.jpg\" alt=\"Sushi bar\" class=\"wp-image-239\" style=\"border-top-left-radius:10px;border-top-right-radius:10px;border-bottom-left-radius:10px;border-bottom-right-radius:10px;aspect-ratio:1;object-fit:cover\" srcset=\"https:\/\/www.morev.pl\/wp-content\/uploads\/2026\/03\/fb_business_001.jpg 1200w, https:\/\/www.morev.pl\/wp-content\/uploads\/2026\/03\/fb_business_001-300x300.jpg 300w, https:\/\/www.morev.pl\/wp-content\/uploads\/2026\/03\/fb_business_001-1024x1024.jpg 1024w, https:\/\/www.morev.pl\/wp-content\/uploads\/2026\/03\/fb_business_001-150x150.jpg 150w, https:\/\/www.morev.pl\/wp-content\/uploads\/2026\/03\/fb_business_001-768x768.jpg 768w\" sizes=\"auto, (max-width: 1200px) 100vw, 1200px\" \/><\/figure>\n\n\n\n<div style=\"height:10px\" aria-hidden=\"true\" class=\"wp-block-spacer\"><\/div>\n\n\n\nPo\u0142\u0105czenie naturalnego d\u0119bu i szczotkowanego aluminium\n<\/div>\n\n\n\n<div class=\"wp-block-column is-layout-flow wp-block-column-is-layout-flow\">\n<h4>Gabinet z biblioteczk\u0105<\/h4>\n\n\n\n<figure class=\"wp-block-image size-full has-custom-border\"><img loading=\"lazy\" decoding=\"async\" width=\"1200\" height=\"1200\" src=\"https:\/\/morev.pl\/wp-content\/uploads\/2026\/03\/fb_home_002.jpg\" alt=\"Gabinet z biblioteczk\u0105\" class=\"wp-image-238\" style=\"border-top-left-radius:10px;border-top-right-radius:10px;border-bottom-left-radius:10px;border-bottom-right-radius:10px;aspect-ratio:1;object-fit:cover\" srcset=\"https:\/\/www.morev.pl\/wp-content\/uploads\/2026\/03\/fb_home_002.jpg 1200w, https:\/\/www.morev.pl\/wp-content\/uploads\/2026\/03\/fb_home_002-300x300.jpg 300w, https:\/\/www.morev.pl\/wp-content\/uploads\/2026\/03\/fb_home_002-1024x1024.jpg 1024w, https:\/\/www.morev.pl\/wp-content\/uploads\/2026\/03\/fb_home_002-150x150.jpg 150w, https:\/\/www.morev.pl\/wp-content\/uploads\/2026\/03\/fb_home_002-768x768.jpg 768w\" sizes=\"auto, (max-width: 1200px) 100vw, 1200px\" \/><\/figure>\n\n\n\n<div style=\"height:10px\" aria-hidden=\"true\" class=\"wp-block-spacer\"><\/div>\n\n\n\nStylowy gabinet z zabudow\u0105 na ksi\u0105\u017cki. Po\u0142\u0105czenie naturalnego drewna i forniru\n<\/div>\n<\/div>\n\n\n\n<div class=\"wp-block-columns has-border-color is-layout-flex wp-container-core-columns-is-layout-44468703 wp-block-columns-is-layout-flex\" style=\"border-color:#ff9900;border-width:2px;border-top-left-radius:10px;border-top-right-radius:10px;border-bottom-left-radius:10px;border-bottom-right-radius:10px;padding-top:var(--wp--preset--spacing--10);padding-right:var(--wp--preset--spacing--10);padding-bottom:var(--wp--preset--spacing--10);padding-left:var(--wp--preset--spacing--10)\">\n<div class=\"wp-block-column is-layout-flow wp-block-column-is-layout-flow\">\n<h4>Kuchnia<\/h4>\n\n\n\n<figure class=\"wp-block-image size-full has-custom-border\"><img loading=\"lazy\" decoding=\"async\" width=\"2000\" height=\"1023\" src=\"https:\/\/morev.pl\/wp-content\/uploads\/2026\/03\/x001.jpg\" alt=\"Kuchnia\" class=\"wp-image-78\" style=\"border-top-left-radius:10px;border-top-right-radius:10px;border-bottom-left-radius:10px;border-bottom-right-radius:10px;aspect-ratio:1;object-fit:cover\" srcset=\"https:\/\/www.morev.pl\/wp-content\/uploads\/2026\/03\/x001.jpg 2000w, https:\/\/www.morev.pl\/wp-content\/uploads\/2026\/03\/x001-300x153.jpg 300w, https:\/\/www.morev.pl\/wp-content\/uploads\/2026\/03\/x001-1024x524.jpg 1024w, https:\/\/www.morev.pl\/wp-content\/uploads\/2026\/03\/x001-768x393.jpg 768w, https:\/\/www.morev.pl\/wp-content\/uploads\/2026\/03\/x001-1536x786.jpg 1536w\" sizes=\"auto, (max-width: 2000px) 100vw, 2000px\" \/><\/figure>\n\n\n\n<div style=\"height:10px\" aria-hidden=\"true\" class=\"wp-block-spacer\"><\/div>\n\n\n\nKuchnia z akrylu\n<\/div>\n\n\n\n<div class=\"wp-block-column is-layout-flow wp-block-column-is-layout-flow\">\n<h4>Nowoczesne schody<\/h4>\n\n\n\n<figure class=\"wp-block-image size-full has-custom-border\"><img loading=\"lazy\" decoding=\"async\" width=\"1200\" height=\"1200\" src=\"https:\/\/morev.pl\/wp-content\/uploads\/2026\/03\/stairs.jpg\" alt=\"Nowoczesne schody\" class=\"wp-image-245\" style=\"border-top-left-radius:10px;border-top-right-radius:10px;border-bottom-left-radius:10px;border-bottom-right-radius:10px;aspect-ratio:1;object-fit:cover\" srcset=\"https:\/\/www.morev.pl\/wp-content\/uploads\/2026\/03\/stairs.jpg 1200w, https:\/\/www.morev.pl\/wp-content\/uploads\/2026\/03\/stairs-300x300.jpg 300w, https:\/\/www.morev.pl\/wp-content\/uploads\/2026\/03\/stairs-1024x1024.jpg 1024w, https:\/\/www.morev.pl\/wp-content\/uploads\/2026\/03\/stairs-150x150.jpg 150w, https:\/\/www.morev.pl\/wp-content\/uploads\/2026\/03\/stairs-768x768.jpg 768w\" sizes=\"auto, (max-width: 1200px) 100vw, 1200px\" \/><\/figure>\n\n\n\n<div style=\"height:10px\" aria-hidden=\"true\" class=\"wp-block-spacer\"><\/div>\n\n\n\nD\u0105b i metal\n<\/div>\n<\/div>\n\n\n\n<div class=\"wp-block-group is-style-section-3 has-global-padding is-layout-constrained wp-block-group-is-layout-constrained\">\n\n<div class=\"wp-block-columns is-layout-flex wp-container-core-columns-is-layout-28f84493 wp-block-columns-is-layout-flex\">\n<div class=\"wp-block-column is-layout-flow wp-block-column-is-layout-flow\"><\/div>\n<\/div>\n\n\n\n<div class=\"wp-block-group alignfull has-global-padding is-layout-constrained wp-container-core-group-is-layout-c81c4ba7 wp-block-group-is-layout-constrained\" style=\"margin-top:0;margin-bottom:0;padding-top:var(--wp--preset--spacing--10);padding-right:var(--wp--preset--spacing--10);padding-bottom:var(--wp--preset--spacing--10);padding-left:var(--wp--preset--spacing--10)\">\n<div class=\"wp-block-group alignwide has-base-2-background-color has-background has-global-padding is-layout-constrained wp-container-core-group-is-layout-86dba5ee wp-block-group-is-layout-constrained\" style=\"border-radius:16px;padding-top:var(--wp--preset--spacing--10);padding-right:var(--wp--preset--spacing--10);padding-bottom:var(--wp--preset--spacing--10);padding-left:var(--wp--preset--spacing--10)\">\n<hr class=\"wp-block-separator has-text-color has-accent-3-color has-alpha-channel-opacity has-accent-3-background-color has-background is-style-dots\"\/>\n\n\n\n<p class=\"has-text-align-center\">Skontaktuj si\u0119 z nami<\/p>\n\n\n\n<h2 class=\"wp-block-heading has-text-align-center has-x-large-font-size\">510 608 388<\/h2>\n\n\n\n<div class=\"wp-block-buttons is-content-justification-center is-layout-flex wp-container-core-buttons-is-layout-a89b3969 wp-block-buttons-is-layout-flex\">\n<div class=\"wp-block-button\"><a class=\"wp-block-button__link wp-element-button\" href=\"https:\/\/morev.pl\/?page_id=266\">Napisz do nas<\/a><\/div>\n<\/div>\n\n\n\n<div style=\"height:var(--wp--preset--spacing--10)\" aria-hidden=\"true\" class=\"wp-block-spacer\"><\/div>\n<\/div>\n<\/div>\n\n<\/div>\n","protected":false},"excerpt":{"rendered":"<p>Meble domowe. Meble dla gastronomii, hotelarstwa i handlu. Wyposa\u017canie mieszka\u0144 inwestycyjnych. Wyroby z drewna.<\/p>\n","protected":false},"author":1,"featured_media":0,"parent":0,"menu_order":0,"comment_status":"closed","ping_status":"closed","template":"page-no-title","meta":{"pagelayer_contact_templates":[],"_pagelayer_content":"","footnotes":""},"class_list":["post-9","page","type-page","status-publish","hentry"],"_links":{"self":[{"href":"https:\/\/www.morev.pl\/index.php?rest_route=\/wp\/v2\/pages\/9","targetHints":{"allow":["GET"]}}],"collection":[{"href":"https:\/\/www.morev.pl\/index.php?rest_route=\/wp\/v2\/pages"}],"about":[{"href":"https:\/\/www.morev.pl\/index.php?rest_route=\/wp\/v2\/types\/page"}],"author":[{"embeddable":true,"href":"https:\/\/www.morev.pl\/index.php?rest_route=\/wp\/v2\/users\/1"}],"replies":[{"embeddable":true,"href":"https:\/\/www.morev.pl\/index.php?rest_route=%2Fwp%2Fv2%2Fcomments&post=9"}],"version-history":[{"count":0,"href":"https:\/\/www.morev.pl\/index.php?rest_route=\/wp\/v2\/pages\/9\/revisions"}],"wp:attachment":[{"href":"https:\/\/www.morev.pl\/index.php?rest_route=%2Fwp%2Fv2%2Fmedia&parent=9"}],"curies":[{"name":"wp","href":"https:\/\/api.w.org\/{rel}","templated":true}]}}